{"id":621648,"date":"2025-08-09T19:13:58","date_gmt":"2025-08-09T17:13:58","guid":{"rendered":"https:\/\/lucacastelli.com\/prodotto\/cable-de-rallonge-sds-plus-milwaukee-2\/"},"modified":"2025-08-09T19:13:58","modified_gmt":"2025-08-09T17:13:58","slug":"cable-de-rallonge-sds-plus-milwaukee-2","status":"publish","type":"product","link":"https:\/\/lucacastelli.com\/fr\/produit\/cable-de-rallonge-sds-plus-milwaukee-2\/","title":{"rendered":"C\u00e2ble de rallonge SDS-Plus Milwaukee"},"content":{"rendered":"<p>RALLONGE SDS-PLUS 300 MM -1pcs<br \/>\nUniverselle, pour rallonger les forets SDS-Plus;Rapide et facile \u00e0 fixer;S&#8217;adapte \u00e0 tous les forets et m\u00e8ches SDS-Plus disponibles dans le commerce;Excellent pour surmonter les obstacles tels que les tuyaux d\u00e9j\u00e0 install\u00e9s ou les forages en hauteur;Permet de forer en profondeur, m\u00eame dans les applications en b\u00e9ton arm\u00e9. <\/p>\n<p>4932471153<br \/>\n4058546287818<\/p>\n","protected":false},"excerpt":{"rendered":"<p>SDS-PLUS rallonge 300 MM -1pcs<\/p>\n","protected":false},"featured_media":530939,"template":"","meta":{"_seopress_robots_primary_cat":"","_seopress_titles_title":"","_seopress_titles_desc":"","_seopress_robots_index":""},"product_brand":[3407],"product_cat":[5416,33],"product_tag":[3270],"class_list":{"0":"post-621648","1":"product","2":"type-product","3":"status-publish","4":"has-post-thumbnail","6":"product_brand-milwaukee","7":"product_cat-utensili-per-officina","8":"product_cat-attrezzature","9":"product_tag-import-milwau","10":"sws-conto-ricavi-merci-rivendita-macchinari-fr","11":"sws-gruppo-iva-iva81-fr","13":"first","14":"onbackorder","15":"sale","16":"shipping-taxable","17":"purchasable","18":"product-type-simple"},"_links":{"self":[{"href":"https:\/\/lucacastelli.com\/fr\/wp-json\/wp\/v2\/product\/621648","targetHints":{"allow":["GET"]}}],"collection":[{"href":"https:\/\/lucacastelli.com\/fr\/wp-json\/wp\/v2\/product"}],"about":[{"href":"https:\/\/lucacastelli.com\/fr\/wp-json\/wp\/v2\/types\/product"}],"wp:featuredmedia":[{"embeddable":true,"href":"https:\/\/lucacastelli.com\/fr\/wp-json\/wp\/v2\/media\/530939"}],"wp:attachment":[{"href":"https:\/\/lucacastelli.com\/fr\/wp-json\/wp\/v2\/media?parent=621648"}],"wp:term":[{"taxonomy":"product_brand","embeddable":true,"href":"https:\/\/lucacastelli.com\/fr\/wp-json\/wp\/v2\/product_brand?post=621648"},{"taxonomy":"product_cat","embeddable":true,"href":"https:\/\/lucacastelli.com\/fr\/wp-json\/wp\/v2\/product_cat?post=621648"},{"taxonomy":"product_tag","embeddable":true,"href":"https:\/\/lucacastelli.com\/fr\/wp-json\/wp\/v2\/product_tag?post=621648"}],"curies":[{"name":"wp","href":"https:\/\/api.w.org\/{rel}","templated":true}]}}