{"id":621610,"date":"2025-08-09T11:40:35","date_gmt":"2025-08-09T09:40:35","guid":{"rendered":"https:\/\/lucacastelli.com\/prodotto\/milwaukee-foreuses-a-beton-serie-premium-2\/"},"modified":"2025-08-09T11:40:35","modified_gmt":"2025-08-09T09:40:35","slug":"milwaukee-foreuses-a-beton-serie-premium-2","status":"publish","type":"product","link":"https:\/\/lucacastelli.com\/fr\/produit\/milwaukee-foreuses-a-beton-serie-premium-2\/","title":{"rendered":"Milwaukee Foreuses \u00e0 b\u00e9ton &#8211; S\u00e9rie Premium"},"content":{"rendered":"<p>CALCESTRUZ PREMIUM 5,5X100 MM m\u00e8che -1pcs<br \/>\nL&#8217;ar\u00eate de coupe en carbure de tungst\u00e8ne (TCT) permet de percer le b\u00e9ton, le b\u00e9ton cellulaire, la brique, l&#8217;ardoise et le granit;La rainure rouge permet une identification plus facile;Peut \u00eatre utilis\u00e9e avec des chevilles, en utilisant le mandrin sans cl\u00e9 et en activant le mode de rotation<\/p>\n<p>4932471173<br \/>\n4058546288013.<\/p>\n","protected":false},"excerpt":{"rendered":"<p>PREMIUM CALCESTRUZ POINT 5,5X100 MM -1pcs<\/p>\n","protected":false},"featured_media":531023,"template":"","meta":{"_seopress_robots_primary_cat":"","_seopress_titles_title":"","_seopress_titles_desc":"","_seopress_robots_index":""},"product_brand":[3407],"product_cat":[29,514,549,550],"product_tag":[3270],"class_list":{"0":"post-621610","1":"product","2":"type-product","3":"status-publish","4":"has-post-thumbnail","6":"product_brand-milwaukee","7":"product_cat-macchinari","8":"product_cat-altri-dispositivi","9":"product_cat-trapani-e-avvitatori","10":"product_cat-accessori-per-trapani-ed-avvitatori","11":"product_tag-import-milwau","12":"sws-conto-ricavi-merci-rivendita-macchinari-fr","13":"sws-gruppo-iva-iva81-fr","15":"first","16":"onbackorder","17":"sale","18":"shipping-taxable","19":"purchasable","20":"product-type-simple"},"_links":{"self":[{"href":"https:\/\/lucacastelli.com\/fr\/wp-json\/wp\/v2\/product\/621610","targetHints":{"allow":["GET"]}}],"collection":[{"href":"https:\/\/lucacastelli.com\/fr\/wp-json\/wp\/v2\/product"}],"about":[{"href":"https:\/\/lucacastelli.com\/fr\/wp-json\/wp\/v2\/types\/product"}],"wp:featuredmedia":[{"embeddable":true,"href":"https:\/\/lucacastelli.com\/fr\/wp-json\/wp\/v2\/media\/531023"}],"wp:attachment":[{"href":"https:\/\/lucacastelli.com\/fr\/wp-json\/wp\/v2\/media?parent=621610"}],"wp:term":[{"taxonomy":"product_brand","embeddable":true,"href":"https:\/\/lucacastelli.com\/fr\/wp-json\/wp\/v2\/product_brand?post=621610"},{"taxonomy":"product_cat","embeddable":true,"href":"https:\/\/lucacastelli.com\/fr\/wp-json\/wp\/v2\/product_cat?post=621610"},{"taxonomy":"product_tag","embeddable":true,"href":"https:\/\/lucacastelli.com\/fr\/wp-json\/wp\/v2\/product_tag?post=621610"}],"curies":[{"name":"wp","href":"https:\/\/api.w.org\/{rel}","templated":true}]}}