{"id":621590,"date":"2025-08-09T19:32:06","date_gmt":"2025-08-09T17:32:06","guid":{"rendered":"https:\/\/lucacastelli.com\/prodotto\/milwaukee-pinces-en-c-autobloquantes-2\/"},"modified":"2025-08-09T19:32:06","modified_gmt":"2025-08-09T17:32:06","slug":"milwaukee-pinces-en-c-autobloquantes-2","status":"publish","type":"product","link":"https:\/\/lucacastelli.com\/fr\/produit\/milwaukee-pinces-en-c-autobloquantes-2\/","title":{"rendered":"Milwaukee Pinces en C autobloquantes"},"content":{"rendered":"<p>AUTOB. G.FIS.11 \/279mm -1pcs<br \/>\nTORQUE LOCK \u2122 colliers en C autobloquants : installation rapide et facile sur les surfaces plates et rondes. Il est possible d&#8217;appliquer une force suppl\u00e9mentaire. Peut \u00e9galement \u00eatre utilis\u00e9 pour suspendre et ranger du mat\u00e9riel;M\u00e2choires durcies pour une meilleure prise et un meilleur maintien du mat\u00e9riel;Protection contre la rouille : le chromage augmente la durabilit\u00e9 en r\u00e9duisant la corrosion;Conception traditionnelle des leviers.   <\/p>\n<p>4932471728<br \/>\n4058546296278<\/p>\n","protected":false},"excerpt":{"rendered":"<p>AUTOB. G.FIS.11 \/279mm -1pcs. <\/p>\n","protected":false},"featured_media":537664,"template":"","meta":{"_seopress_robots_primary_cat":"","_seopress_titles_title":"","_seopress_titles_desc":"","_seopress_robots_index":""},"product_brand":[3407],"product_cat":[5416,33],"product_tag":[3270],"class_list":{"0":"post-621590","1":"product","2":"type-product","3":"status-publish","4":"has-post-thumbnail","6":"product_brand-milwaukee","7":"product_cat-utensili-per-officina","8":"product_cat-attrezzature","9":"product_tag-import-milwau","10":"sws-conto-ricavi-merci-rivendita-macchinari-fr","11":"sws-gruppo-iva-iva81-fr","13":"first","14":"onbackorder","15":"sale","16":"shipping-taxable","17":"purchasable","18":"product-type-simple"},"_links":{"self":[{"href":"https:\/\/lucacastelli.com\/fr\/wp-json\/wp\/v2\/product\/621590","targetHints":{"allow":["GET"]}}],"collection":[{"href":"https:\/\/lucacastelli.com\/fr\/wp-json\/wp\/v2\/product"}],"about":[{"href":"https:\/\/lucacastelli.com\/fr\/wp-json\/wp\/v2\/types\/product"}],"wp:featuredmedia":[{"embeddable":true,"href":"https:\/\/lucacastelli.com\/fr\/wp-json\/wp\/v2\/media\/537664"}],"wp:attachment":[{"href":"https:\/\/lucacastelli.com\/fr\/wp-json\/wp\/v2\/media?parent=621590"}],"wp:term":[{"taxonomy":"product_brand","embeddable":true,"href":"https:\/\/lucacastelli.com\/fr\/wp-json\/wp\/v2\/product_brand?post=621590"},{"taxonomy":"product_cat","embeddable":true,"href":"https:\/\/lucacastelli.com\/fr\/wp-json\/wp\/v2\/product_cat?post=621590"},{"taxonomy":"product_tag","embeddable":true,"href":"https:\/\/lucacastelli.com\/fr\/wp-json\/wp\/v2\/product_tag?post=621590"}],"curies":[{"name":"wp","href":"https:\/\/api.w.org\/{rel}","templated":true}]}}