{"id":621586,"date":"2025-08-09T19:31:43","date_gmt":"2025-08-09T17:31:43","guid":{"rendered":"https:\/\/lucacastelli.com\/prodotto\/milwaukee-pince-a-denuder-sertir-multi-materiaux\/"},"modified":"2025-08-09T19:31:43","modified_gmt":"2025-08-09T17:31:43","slug":"milwaukee-pince-a-denuder-sertir-multi-materiaux","status":"publish","type":"product","link":"https:\/\/lucacastelli.com\/fr\/produit\/milwaukee-pince-a-denuder-sertir-multi-materiaux\/","title":{"rendered":"Milwaukee Pince \u00e0 d\u00e9nuder\/sertir multi-mat\u00e9riaux"},"content":{"rendered":"<p>Pince \u00e0 d\u00e9nuder polyvalente avec pince \u00e0 sertir<br \/>\nCapacit\u00e9 de d\u00e9nudage pour 0,75\u00b2, 1\u00b2, 1,5\u00b2, 2,5\u00b2, 4\u00b2 et 6\u00b2;Cisaille \u00e0 c\u00e2ble avec ar\u00eates de coupe tremp\u00e9es au laser des deux c\u00f4t\u00e9s pour une coupe optimale;Coupe-tige filet\u00e9e pour M 2,5, M 3, M 3,5, M 4 et M 5;Pince \u00e0 sertir int\u00e9gr\u00e9e pour les connecteurs isol\u00e9s et non isol\u00e9s ;Les trous de coupe et de d\u00e9nudage sont positionn\u00e9s \u00e0 l&#8217;avant de la tige afin de pouvoir les ins\u00e9rer dans les espaces restreints;Poign\u00e9e ergonomique et conception avec ressorts d&#8217;ouverture pour une utilisation rapide d&#8217;une seule main;La protection contre la rouille prolonge la dur\u00e9e de vie de l&#8217;outil, en r\u00e9duisant la corrosion.<\/p>\n<p>4932493816<br \/>\n4058546509767<\/p>\n","protected":false},"excerpt":{"rendered":"<p>Pince \u00e0 d\u00e9nuder polyvalente avec pince \u00e0 d\u00e9nuder<\/p>\n","protected":false},"featured_media":564529,"template":"","meta":{"_seopress_robots_primary_cat":"","_seopress_titles_title":"","_seopress_titles_desc":"","_seopress_robots_index":""},"product_brand":[3407],"product_cat":[5416,33],"product_tag":[3270],"class_list":{"0":"post-621586","1":"product","2":"type-product","3":"status-publish","4":"has-post-thumbnail","6":"product_brand-milwaukee","7":"product_cat-utensili-per-officina","8":"product_cat-attrezzature","9":"product_tag-import-milwau","10":"sws-conto-ricavi-merci-rivendita-macchinari-fr","11":"sws-gruppo-iva-iva81-fr","13":"first","14":"onbackorder","15":"sale","16":"shipping-taxable","17":"purchasable","18":"product-type-simple"},"_links":{"self":[{"href":"https:\/\/lucacastelli.com\/fr\/wp-json\/wp\/v2\/product\/621586","targetHints":{"allow":["GET"]}}],"collection":[{"href":"https:\/\/lucacastelli.com\/fr\/wp-json\/wp\/v2\/product"}],"about":[{"href":"https:\/\/lucacastelli.com\/fr\/wp-json\/wp\/v2\/types\/product"}],"wp:featuredmedia":[{"embeddable":true,"href":"https:\/\/lucacastelli.com\/fr\/wp-json\/wp\/v2\/media\/564529"}],"wp:attachment":[{"href":"https:\/\/lucacastelli.com\/fr\/wp-json\/wp\/v2\/media?parent=621586"}],"wp:term":[{"taxonomy":"product_brand","embeddable":true,"href":"https:\/\/lucacastelli.com\/fr\/wp-json\/wp\/v2\/product_brand?post=621586"},{"taxonomy":"product_cat","embeddable":true,"href":"https:\/\/lucacastelli.com\/fr\/wp-json\/wp\/v2\/product_cat?post=621586"},{"taxonomy":"product_tag","embeddable":true,"href":"https:\/\/lucacastelli.com\/fr\/wp-json\/wp\/v2\/product_tag?post=621586"}],"curies":[{"name":"wp","href":"https:\/\/api.w.org\/{rel}","templated":true}]}}