{"id":621579,"date":"2025-08-09T19:31:13","date_gmt":"2025-08-09T17:31:13","guid":{"rendered":"https:\/\/lucacastelli.com\/prodotto\/milwaukee-goupilles-et-circlips-pour-douilles-de-3-4%cb%9d\/"},"modified":"2025-08-09T19:31:13","modified_gmt":"2025-08-09T17:31:13","slug":"milwaukee-goupilles-et-circlips-pour-douilles-de-3-4%cb%9d","status":"publish","type":"product","link":"https:\/\/lucacastelli.com\/fr\/produit\/milwaukee-goupilles-et-circlips-pour-douilles-de-3-4%cb%9d\/","title":{"rendered":"Milwaukee Goupilles et circlips pour douilles de 3\/4\u02dd."},"content":{"rendered":"<p>ANNEAU ET PINCE DE SECURITE POUR BLOCS 3\/4Zoll<br \/>\nAnneau de s\u00e9curit\u00e9 pour fixer les \u00e9crous \u00e0 chocs 3\/4Zoll aux machines<\/p>\n<p>4932480450<br \/>\n4058546407353<\/p>\n","protected":false},"excerpt":{"rendered":"<p>Anneau et goupille de s\u00e9curit\u00e9 3\/4 BLOCS<\/p>\n","protected":false},"featured_media":548513,"template":"","meta":{"_seopress_robots_primary_cat":"","_seopress_titles_title":"","_seopress_titles_desc":"","_seopress_robots_index":""},"product_brand":[3658],"product_cat":[144,5417],"product_tag":[3273],"class_list":{"0":"post-621579","1":"product","2":"type-product","3":"status-publish","4":"has-post-thumbnail","6":"product_brand-milwaukee-fr","7":"product_cat-equipement","8":"product_cat-outils-pour-atelier","9":"product_tag-import-milwau-fr","10":"sws-conto-ricavi-merci-rivendita-macchinari-fr","11":"sws-gruppo-iva-iva81-fr","13":"first","14":"onbackorder","15":"sale","16":"shipping-taxable","17":"purchasable","18":"product-type-simple"},"_links":{"self":[{"href":"https:\/\/lucacastelli.com\/fr\/wp-json\/wp\/v2\/product\/621579","targetHints":{"allow":["GET"]}}],"collection":[{"href":"https:\/\/lucacastelli.com\/fr\/wp-json\/wp\/v2\/product"}],"about":[{"href":"https:\/\/lucacastelli.com\/fr\/wp-json\/wp\/v2\/types\/product"}],"wp:featuredmedia":[{"embeddable":true,"href":"https:\/\/lucacastelli.com\/fr\/wp-json\/wp\/v2\/media\/548513"}],"wp:attachment":[{"href":"https:\/\/lucacastelli.com\/fr\/wp-json\/wp\/v2\/media?parent=621579"}],"wp:term":[{"taxonomy":"product_brand","embeddable":true,"href":"https:\/\/lucacastelli.com\/fr\/wp-json\/wp\/v2\/product_brand?post=621579"},{"taxonomy":"product_cat","embeddable":true,"href":"https:\/\/lucacastelli.com\/fr\/wp-json\/wp\/v2\/product_cat?post=621579"},{"taxonomy":"product_tag","embeddable":true,"href":"https:\/\/lucacastelli.com\/fr\/wp-json\/wp\/v2\/product_tag?post=621579"}],"curies":[{"name":"wp","href":"https:\/\/api.w.org\/{rel}","templated":true}]}}