{"id":621565,"date":"2025-08-09T19:51:33","date_gmt":"2025-08-09T17:51:33","guid":{"rendered":"https:\/\/lucacastelli.com\/prodotto\/milwaukee-packout-deux-roues\/"},"modified":"2025-08-09T19:51:33","modified_gmt":"2025-08-09T17:51:33","slug":"milwaukee-packout-deux-roues","status":"publish","type":"product","link":"https:\/\/lucacastelli.com\/fr\/produit\/milwaukee-packout-deux-roues\/","title":{"rendered":"MILWAUKEE PACKOUT Deux-roues"},"content":{"rendered":"<p>PACKOUT ROLLING TOOL CHEST -1PC<br \/>\nLa double fixation PACKOUT\u2122 en haut permet d&#8217;empiler 2 piles;Roues industrielles de 23 cm pour rouler facilement sur le terrain du chantier;Poign\u00e9e extensible supportant un poids allant jusqu&#8217;\u00e0 113 kg;Loquet m\u00e9tallique renforc\u00e9 aide \u00e0 pr\u00e9venir les dommages caus\u00e9s aux outils par l&#8217;eau et les d\u00e9bris du chantier;Capacit\u00e9 de stockage suppl\u00e9mentaire pour les gros outils et les mat\u00e9riaux du chantier;Construit en polym\u00e8res r\u00e9sistants aux chocs pour une durabilit\u00e9 prolong\u00e9e sur le chantier;Fait partie du syst\u00e8me de stockage modulaire PACKOUT\u2122<\/p>\n<p>4932478161<br \/>\n4058546340940.<\/p>\n","protected":false},"excerpt":{"rendered":"<p>PACKOUT COFFRE \u00c0 OUTILS ROULANT -1PC<\/p>\n","protected":false},"featured_media":600371,"template":"","meta":{"_seopress_robots_primary_cat":"","_seopress_titles_title":"","_seopress_titles_desc":"","_seopress_robots_index":""},"product_brand":[3407],"product_cat":[5416,33],"product_tag":[3270],"class_list":{"0":"post-621565","1":"product","2":"type-product","3":"status-publish","4":"has-post-thumbnail","6":"product_brand-milwaukee","7":"product_cat-utensili-per-officina","8":"product_cat-attrezzature","9":"product_tag-import-milwau","10":"sws-conto-ricavi-merci-rivendita-macchinari-fr","11":"sws-gruppo-iva-iva81-fr","13":"first","14":"onbackorder","15":"sale","16":"shipping-taxable","17":"purchasable","18":"product-type-simple"},"_links":{"self":[{"href":"https:\/\/lucacastelli.com\/fr\/wp-json\/wp\/v2\/product\/621565","targetHints":{"allow":["GET"]}}],"collection":[{"href":"https:\/\/lucacastelli.com\/fr\/wp-json\/wp\/v2\/product"}],"about":[{"href":"https:\/\/lucacastelli.com\/fr\/wp-json\/wp\/v2\/types\/product"}],"wp:featuredmedia":[{"embeddable":true,"href":"https:\/\/lucacastelli.com\/fr\/wp-json\/wp\/v2\/media\/600371"}],"wp:attachment":[{"href":"https:\/\/lucacastelli.com\/fr\/wp-json\/wp\/v2\/media?parent=621565"}],"wp:term":[{"taxonomy":"product_brand","embeddable":true,"href":"https:\/\/lucacastelli.com\/fr\/wp-json\/wp\/v2\/product_brand?post=621565"},{"taxonomy":"product_cat","embeddable":true,"href":"https:\/\/lucacastelli.com\/fr\/wp-json\/wp\/v2\/product_cat?post=621565"},{"taxonomy":"product_tag","embeddable":true,"href":"https:\/\/lucacastelli.com\/fr\/wp-json\/wp\/v2\/product_tag?post=621565"}],"curies":[{"name":"wp","href":"https:\/\/api.w.org\/{rel}","templated":true}]}}