{"id":621555,"date":"2025-08-09T19:51:31","date_gmt":"2025-08-09T17:51:31","guid":{"rendered":"https:\/\/lucacastelli.com\/prodotto\/milwaukee-packout-baskets-2\/"},"modified":"2025-08-09T19:51:31","modified_gmt":"2025-08-09T17:51:31","slug":"milwaukee-packout-baskets-2","status":"publish","type":"product","link":"https:\/\/lucacastelli.com\/fr\/produit\/milwaukee-packout-baskets-2\/","title":{"rendered":"MILWAUKEE PACKOUT Baskets"},"content":{"rendered":"<p>PACKOUT COMPACT BASKET 2pcs<br \/>\nTu peux y ranger des tournevis, des flexom\u00e8tres et d&#8217;autres petits objets;Gr\u00e2ce aux s\u00e9parateurs et aux plateaux internes, tu peux mieux organiser ton contenu;Ils se fixent \u00e0 la plaque de rangement PACKOUT\u2122;Compatible \u00e0 l&#8217;int\u00e9rieur du PACKOUT\u2122 Organiser (4932464082) et du PACKOUT\u2122 Compact Organiser (4932464083);Fabriqu\u00e9 en polym\u00e8res r\u00e9sistants aux chocs;Fait partie du syst\u00e8me de rangement modulaire PACKOUT\u2122<\/p>\n<p>4932480698<br \/>\n4058546409838.<\/p>\n","protected":false},"excerpt":{"rendered":"<p>PACKOUT BASKET COMPACT 2pcs<\/p>\n","protected":false},"featured_media":553488,"template":"","meta":{"_seopress_robots_primary_cat":"","_seopress_titles_title":"","_seopress_titles_desc":"","_seopress_robots_index":""},"product_brand":[3407],"product_cat":[5416,33],"product_tag":[3270],"class_list":{"0":"post-621555","1":"product","2":"type-product","3":"status-publish","4":"has-post-thumbnail","6":"product_brand-milwaukee","7":"product_cat-utensili-per-officina","8":"product_cat-attrezzature","9":"product_tag-import-milwau","10":"sws-conto-ricavi-merci-rivendita-macchinari-fr","11":"sws-gruppo-iva-iva81-fr","13":"first","14":"onbackorder","15":"sale","16":"shipping-taxable","17":"purchasable","18":"product-type-simple"},"_links":{"self":[{"href":"https:\/\/lucacastelli.com\/fr\/wp-json\/wp\/v2\/product\/621555","targetHints":{"allow":["GET"]}}],"collection":[{"href":"https:\/\/lucacastelli.com\/fr\/wp-json\/wp\/v2\/product"}],"about":[{"href":"https:\/\/lucacastelli.com\/fr\/wp-json\/wp\/v2\/types\/product"}],"wp:featuredmedia":[{"embeddable":true,"href":"https:\/\/lucacastelli.com\/fr\/wp-json\/wp\/v2\/media\/553488"}],"wp:attachment":[{"href":"https:\/\/lucacastelli.com\/fr\/wp-json\/wp\/v2\/media?parent=621555"}],"wp:term":[{"taxonomy":"product_brand","embeddable":true,"href":"https:\/\/lucacastelli.com\/fr\/wp-json\/wp\/v2\/product_brand?post=621555"},{"taxonomy":"product_cat","embeddable":true,"href":"https:\/\/lucacastelli.com\/fr\/wp-json\/wp\/v2\/product_cat?post=621555"},{"taxonomy":"product_tag","embeddable":true,"href":"https:\/\/lucacastelli.com\/fr\/wp-json\/wp\/v2\/product_tag?post=621555"}],"curies":[{"name":"wp","href":"https:\/\/api.w.org\/{rel}","templated":true}]}}