{"id":621554,"date":"2025-08-09T19:51:29","date_gmt":"2025-08-09T17:51:29","guid":{"rendered":"https:\/\/lucacastelli.com\/prodotto\/milwaukee-packout-conteneur-thermique\/"},"modified":"2025-08-09T19:51:29","modified_gmt":"2025-08-09T17:51:29","slug":"milwaukee-packout-conteneur-thermique","status":"publish","type":"product","link":"https:\/\/lucacastelli.com\/fr\/produit\/milwaukee-packout-conteneur-thermique\/","title":{"rendered":"MILWAUKEE PACKOUT Conteneur thermique"},"content":{"rendered":"<p>PACKOUT RIGID THERMAL BAG 1pcs<br \/>\nLa double isolation thermique maintient le contenu au froid jusqu&#8217;\u00e0 30 heures;La protection IP65 emp\u00eache les fuites d&#8217;eau ou les dommages caus\u00e9s par des d\u00e9bris ext\u00e9rieurs;D\u00e9capsuleur int\u00e9gr\u00e9;Compartiment amovible pour garder les objets personnels s\u00e9par\u00e9s de la glace;Capacit\u00e9 de 15 L;Construit avec des polym\u00e8res extr\u00eamement r\u00e9sistants pour une durabilit\u00e9 maximale;Compatible avec le reste du syst\u00e8me PACKOUT\u2122 pour \u00eatre empil\u00e9 sur le dessus<\/p>\n<p>4932471722<br \/>\n4058546296216.<\/p>\n","protected":false},"excerpt":{"rendered":"<p>PACKOUT SAC DE REFROIDISSEMENT RIGIDE 1 pc<\/p>\n","protected":false},"featured_media":549682,"template":"","meta":{"_seopress_robots_primary_cat":"","_seopress_titles_title":"","_seopress_titles_desc":"","_seopress_robots_index":""},"product_brand":[3407],"product_cat":[5416,33],"product_tag":[3270],"class_list":{"0":"post-621554","1":"product","2":"type-product","3":"status-publish","4":"has-post-thumbnail","6":"product_brand-milwaukee","7":"product_cat-utensili-per-officina","8":"product_cat-attrezzature","9":"product_tag-import-milwau","10":"sws-conto-ricavi-merci-rivendita-macchinari-fr","11":"sws-gruppo-iva-iva81-fr","13":"first","14":"onbackorder","15":"sale","16":"shipping-taxable","17":"purchasable","18":"product-type-simple"},"_links":{"self":[{"href":"https:\/\/lucacastelli.com\/fr\/wp-json\/wp\/v2\/product\/621554","targetHints":{"allow":["GET"]}}],"collection":[{"href":"https:\/\/lucacastelli.com\/fr\/wp-json\/wp\/v2\/product"}],"about":[{"href":"https:\/\/lucacastelli.com\/fr\/wp-json\/wp\/v2\/types\/product"}],"wp:featuredmedia":[{"embeddable":true,"href":"https:\/\/lucacastelli.com\/fr\/wp-json\/wp\/v2\/media\/549682"}],"wp:attachment":[{"href":"https:\/\/lucacastelli.com\/fr\/wp-json\/wp\/v2\/media?parent=621554"}],"wp:term":[{"taxonomy":"product_brand","embeddable":true,"href":"https:\/\/lucacastelli.com\/fr\/wp-json\/wp\/v2\/product_brand?post=621554"},{"taxonomy":"product_cat","embeddable":true,"href":"https:\/\/lucacastelli.com\/fr\/wp-json\/wp\/v2\/product_cat?post=621554"},{"taxonomy":"product_tag","embeddable":true,"href":"https:\/\/lucacastelli.com\/fr\/wp-json\/wp\/v2\/product_tag?post=621554"}],"curies":[{"name":"wp","href":"https:\/\/api.w.org\/{rel}","templated":true}]}}