{"id":621549,"date":"2025-08-09T19:51:30","date_gmt":"2025-08-09T17:51:30","guid":{"rendered":"https:\/\/lucacastelli.com\/prodotto\/milwaukee-packout-baskets\/"},"modified":"2025-08-09T19:51:30","modified_gmt":"2025-08-09T17:51:30","slug":"milwaukee-packout-baskets","status":"publish","type":"product","link":"https:\/\/lucacastelli.com\/fr\/produit\/milwaukee-packout-baskets\/","title":{"rendered":"MILWAUKEE PACKOUT Baskets"},"content":{"rendered":"<p>PACKOUT COMPACT MAGNETIC BASKET<br \/>\nTu peux y ranger des tournevis, des flexom\u00e8tres et d&#8217;autres petits objets.;Gr\u00e2ce aux s\u00e9parateurs internes et aux plateaux, tu peux organiser ton contenu de fa\u00e7on optimale.;Ils se fixent sur la plaque de rangement PACKOUT\u2122.;Compatible \u00e0 l&#8217;int\u00e9rieur du PACKOUT\u2122 Organiser (4932464082) et du PACKOUT\u2122 Compact Organiser (4932464083).;Fabriqu\u00e9 en polym\u00e8res r\u00e9sistants aux chocs.;Fait partie du syst\u00e8me de rangement modulaire PACKOUT\u2122.<\/p>\n<p>4932493380<br \/>\n4058546482510.<\/p>\n","protected":false},"excerpt":{"rendered":"<p>PACKOUT PANIER MAGN\u00c9TIQUE COMPACT<\/p>\n","protected":false},"featured_media":562151,"template":"","meta":{"_seopress_robots_primary_cat":"","_seopress_titles_title":"","_seopress_titles_desc":"","_seopress_robots_index":""},"product_brand":[3407],"product_cat":[5416,33],"product_tag":[3270],"class_list":{"0":"post-621549","1":"product","2":"type-product","3":"status-publish","4":"has-post-thumbnail","6":"product_brand-milwaukee","7":"product_cat-utensili-per-officina","8":"product_cat-attrezzature","9":"product_tag-import-milwau","10":"sws-conto-ricavi-merci-rivendita-macchinari-fr","11":"sws-gruppo-iva-iva81-fr","13":"first","14":"onbackorder","15":"sale","16":"shipping-taxable","17":"purchasable","18":"product-type-simple"},"_links":{"self":[{"href":"https:\/\/lucacastelli.com\/fr\/wp-json\/wp\/v2\/product\/621549","targetHints":{"allow":["GET"]}}],"collection":[{"href":"https:\/\/lucacastelli.com\/fr\/wp-json\/wp\/v2\/product"}],"about":[{"href":"https:\/\/lucacastelli.com\/fr\/wp-json\/wp\/v2\/types\/product"}],"wp:featuredmedia":[{"embeddable":true,"href":"https:\/\/lucacastelli.com\/fr\/wp-json\/wp\/v2\/media\/562151"}],"wp:attachment":[{"href":"https:\/\/lucacastelli.com\/fr\/wp-json\/wp\/v2\/media?parent=621549"}],"wp:term":[{"taxonomy":"product_brand","embeddable":true,"href":"https:\/\/lucacastelli.com\/fr\/wp-json\/wp\/v2\/product_brand?post=621549"},{"taxonomy":"product_cat","embeddable":true,"href":"https:\/\/lucacastelli.com\/fr\/wp-json\/wp\/v2\/product_cat?post=621549"},{"taxonomy":"product_tag","embeddable":true,"href":"https:\/\/lucacastelli.com\/fr\/wp-json\/wp\/v2\/product_tag?post=621549"}],"curies":[{"name":"wp","href":"https:\/\/api.w.org\/{rel}","templated":true}]}}