{"id":621539,"date":"2025-08-09T19:51:26","date_gmt":"2025-08-09T17:51:26","guid":{"rendered":"https:\/\/lucacastelli.com\/prodotto\/milwaukee-packout-crochets-de-rangement-7\/"},"modified":"2025-08-09T19:51:26","modified_gmt":"2025-08-09T17:51:26","slug":"milwaukee-packout-crochets-de-rangement-7","status":"publish","type":"product","link":"https:\/\/lucacastelli.com\/fr\/produit\/milwaukee-packout-crochets-de-rangement-7\/","title":{"rendered":"MILWAUKEE PACKOUT Crochets de rangement ."},"content":{"rendered":"<p>PACKOUT CROCHET SIMPLE DROIT<br \/>\nCrochets en acier haute r\u00e9sistance pour ranger les outils et objets m\u00eame lourds.;Le rev\u00eatement du crochet prot\u00e8ge les crochets et les objets suspendus.;Acc\u00e8s facile et rapide aux outils.;Montage s\u00fbr et rapide gr\u00e2ce au m\u00e9canisme de clic et de d\u00e9verrouillage.;Syst\u00e8me enti\u00e8rement personnalisable qui permet d&#8217;agencer les \u00e9quipements de travail en fonction des besoins.;Fait partie du syst\u00e8me de rangement modulaire PACKOUT\u2122.<\/p>\n<p>4932493383<br \/>\n4058546482541<\/p>\n","protected":false},"excerpt":{"rendered":"<p>PACKOUT CROCHET SIMPLE DROIT COURT<\/p>\n","protected":false},"featured_media":562230,"template":"","meta":{"_seopress_robots_primary_cat":"","_seopress_titles_title":"","_seopress_titles_desc":"","_seopress_robots_index":""},"product_brand":[3407],"product_cat":[5416,33],"product_tag":[3270],"class_list":{"0":"post-621539","1":"product","2":"type-product","3":"status-publish","4":"has-post-thumbnail","6":"product_brand-milwaukee","7":"product_cat-utensili-per-officina","8":"product_cat-attrezzature","9":"product_tag-import-milwau","10":"sws-conto-ricavi-merci-rivendita-macchinari-fr","11":"sws-gruppo-iva-iva81-fr","13":"first","14":"onbackorder","15":"sale","16":"shipping-taxable","17":"purchasable","18":"product-type-simple"},"_links":{"self":[{"href":"https:\/\/lucacastelli.com\/fr\/wp-json\/wp\/v2\/product\/621539","targetHints":{"allow":["GET"]}}],"collection":[{"href":"https:\/\/lucacastelli.com\/fr\/wp-json\/wp\/v2\/product"}],"about":[{"href":"https:\/\/lucacastelli.com\/fr\/wp-json\/wp\/v2\/types\/product"}],"wp:featuredmedia":[{"embeddable":true,"href":"https:\/\/lucacastelli.com\/fr\/wp-json\/wp\/v2\/media\/562230"}],"wp:attachment":[{"href":"https:\/\/lucacastelli.com\/fr\/wp-json\/wp\/v2\/media?parent=621539"}],"wp:term":[{"taxonomy":"product_brand","embeddable":true,"href":"https:\/\/lucacastelli.com\/fr\/wp-json\/wp\/v2\/product_brand?post=621539"},{"taxonomy":"product_cat","embeddable":true,"href":"https:\/\/lucacastelli.com\/fr\/wp-json\/wp\/v2\/product_cat?post=621539"},{"taxonomy":"product_tag","embeddable":true,"href":"https:\/\/lucacastelli.com\/fr\/wp-json\/wp\/v2\/product_tag?post=621539"}],"curies":[{"name":"wp","href":"https:\/\/api.w.org\/{rel}","templated":true}]}}