{"id":621519,"date":"2025-08-09T19:51:01","date_gmt":"2025-08-09T17:51:01","guid":{"rendered":"https:\/\/lucacastelli.com\/prodotto\/milwaukee-packout-crochets-de-rangement-2\/"},"modified":"2025-08-09T19:51:01","modified_gmt":"2025-08-09T17:51:01","slug":"milwaukee-packout-crochets-de-rangement-2","status":"publish","type":"product","link":"https:\/\/lucacastelli.com\/fr\/produit\/milwaukee-packout-crochets-de-rangement-2\/","title":{"rendered":"MILWAUKEE PACKOUT Crochets de rangement ."},"content":{"rendered":"<p>PACKOUT CURVED HOOK<br \/>\nCrochets en acier haute r\u00e9sistance pour ranger les outils et objets m\u00eame lourds;Le rev\u00eatement des crochets prot\u00e8ge les crochets et les objets suspendus;Acc\u00e8s rapide aux outils;Syst\u00e8me s\u00fbr et rapide \u00e0 assembler gr\u00e2ce au m\u00e9canisme de clic et de d\u00e9verrouillage;Syst\u00e8me enti\u00e8rement personnalisable qui te permet de ranger les \u00e9quipements de travail selon tes besoins;Fait partie du syst\u00e8me de rangement modulaire PACKOUT\u2122<\/p>\n<p>4932480701<br \/>\n4058546409869.<\/p>\n","protected":false},"excerpt":{"rendered":"<p>PACKOUT CROCHET COURBE<\/p>\n","protected":false},"featured_media":553575,"template":"","meta":{"_seopress_robots_primary_cat":"","_seopress_titles_title":"","_seopress_titles_desc":"","_seopress_robots_index":""},"product_brand":[3658],"product_cat":[5417,144],"product_tag":[3273],"class_list":{"0":"post-621519","1":"product","2":"type-product","3":"status-publish","4":"has-post-thumbnail","6":"product_brand-milwaukee-fr","7":"product_cat-outils-pour-atelier","8":"product_cat-equipement","9":"product_tag-import-milwau-fr","10":"sws-conto-ricavi-merci-rivendita-macchinari-fr","11":"sws-gruppo-iva-iva81-fr","13":"first","14":"onbackorder","15":"sale","16":"shipping-taxable","17":"purchasable","18":"product-type-simple"},"_links":{"self":[{"href":"https:\/\/lucacastelli.com\/fr\/wp-json\/wp\/v2\/product\/621519","targetHints":{"allow":["GET"]}}],"collection":[{"href":"https:\/\/lucacastelli.com\/fr\/wp-json\/wp\/v2\/product"}],"about":[{"href":"https:\/\/lucacastelli.com\/fr\/wp-json\/wp\/v2\/types\/product"}],"wp:featuredmedia":[{"embeddable":true,"href":"https:\/\/lucacastelli.com\/fr\/wp-json\/wp\/v2\/media\/553575"}],"wp:attachment":[{"href":"https:\/\/lucacastelli.com\/fr\/wp-json\/wp\/v2\/media?parent=621519"}],"wp:term":[{"taxonomy":"product_brand","embeddable":true,"href":"https:\/\/lucacastelli.com\/fr\/wp-json\/wp\/v2\/product_brand?post=621519"},{"taxonomy":"product_cat","embeddable":true,"href":"https:\/\/lucacastelli.com\/fr\/wp-json\/wp\/v2\/product_cat?post=621519"},{"taxonomy":"product_tag","embeddable":true,"href":"https:\/\/lucacastelli.com\/fr\/wp-json\/wp\/v2\/product_tag?post=621519"}],"curies":[{"name":"wp","href":"https:\/\/api.w.org\/{rel}","templated":true}]}}