{"id":621510,"date":"2025-08-09T19:50:55","date_gmt":"2025-08-09T17:50:55","guid":{"rendered":"https:\/\/lucacastelli.com\/prodotto\/milwaukee-packout-encarts-internes\/"},"modified":"2025-08-09T19:50:55","modified_gmt":"2025-08-09T17:50:55","slug":"milwaukee-packout-encarts-internes","status":"publish","type":"product","link":"https:\/\/lucacastelli.com\/fr\/produit\/milwaukee-packout-encarts-internes\/","title":{"rendered":"MILWAUKEE PACKOUT Encarts internes ."},"content":{"rendered":"<p>PACKOUT VASCH RIC TROLL\/CASPORTAUT2 1pcs<br \/>\nSolution de rangement suppl\u00e9mentaire flexible;La s\u00e9rie PACKOUT\u2122 offre une connectivit\u00e9 modulaire : les mod\u00e8les peuvent \u00eatre empil\u00e9s ou rang\u00e9s \u00e0 l&#8217;int\u00e9rieur d&#8217;autres valises PACKOUT\u2122;Compatible avec : PACKOUT grande valise, PACKOUT valise trolley, PACKOUT XL valise, PACKOUT valise de transport;La poign\u00e9e de transport permet un transport facile;Capacit\u00e9 de charge de 11 kg<\/p>\n<p>4932478298<br \/>\n4058546344757.<\/p>\n","protected":false},"excerpt":{"rendered":"<p>PACKOUT VASCH RIC TROLL\/CASPORTAUT2 1pcs<\/p>\n","protected":false},"featured_media":540690,"template":"","meta":{"_seopress_robots_primary_cat":"","_seopress_titles_title":"","_seopress_titles_desc":"","_seopress_robots_index":""},"product_brand":[3407],"product_cat":[5416,33],"product_tag":[3270],"class_list":{"0":"post-621510","1":"product","2":"type-product","3":"status-publish","4":"has-post-thumbnail","6":"product_brand-milwaukee","7":"product_cat-utensili-per-officina","8":"product_cat-attrezzature","9":"product_tag-import-milwau","10":"sws-conto-ricavi-merci-rivendita-macchinari-fr","11":"sws-gruppo-iva-iva81-fr","13":"first","14":"onbackorder","15":"sale","16":"shipping-taxable","17":"purchasable","18":"product-type-simple"},"_links":{"self":[{"href":"https:\/\/lucacastelli.com\/fr\/wp-json\/wp\/v2\/product\/621510","targetHints":{"allow":["GET"]}}],"collection":[{"href":"https:\/\/lucacastelli.com\/fr\/wp-json\/wp\/v2\/product"}],"about":[{"href":"https:\/\/lucacastelli.com\/fr\/wp-json\/wp\/v2\/types\/product"}],"wp:featuredmedia":[{"embeddable":true,"href":"https:\/\/lucacastelli.com\/fr\/wp-json\/wp\/v2\/media\/540690"}],"wp:attachment":[{"href":"https:\/\/lucacastelli.com\/fr\/wp-json\/wp\/v2\/media?parent=621510"}],"wp:term":[{"taxonomy":"product_brand","embeddable":true,"href":"https:\/\/lucacastelli.com\/fr\/wp-json\/wp\/v2\/product_brand?post=621510"},{"taxonomy":"product_cat","embeddable":true,"href":"https:\/\/lucacastelli.com\/fr\/wp-json\/wp\/v2\/product_cat?post=621510"},{"taxonomy":"product_tag","embeddable":true,"href":"https:\/\/lucacastelli.com\/fr\/wp-json\/wp\/v2\/product_tag?post=621510"}],"curies":[{"name":"wp","href":"https:\/\/api.w.org\/{rel}","templated":true}]}}