{"id":621507,"date":"2025-08-09T19:50:52","date_gmt":"2025-08-09T17:50:52","guid":{"rendered":"https:\/\/lucacastelli.com\/prodotto\/milwaukee-packout-organiser-2\/"},"modified":"2025-08-09T19:50:52","modified_gmt":"2025-08-09T17:50:52","slug":"milwaukee-packout-organiser-2","status":"publish","type":"product","link":"https:\/\/lucacastelli.com\/fr\/produit\/milwaukee-packout-organiser-2\/","title":{"rendered":"MILWAUKEE PACKOUT\u2122 Organiser"},"content":{"rendered":"<p>PACKOUT Deep Organiser &#8211; 1pc<br \/>\n50% plus spacieux que le PACKOUT\u2122 Organiser : id\u00e9al pour ranger les outils, les batteries, les chargeurs, les accessoires plus volumineux et d&#8217;autres \u00e9quipements;Les s\u00e9parateurs \u00e0 r\u00e9glage rapide permettent aux utilisateurs de personnaliser l&#8217;int\u00e9rieur en fonction de leurs besoins;Capacit\u00e9 de charge totale de 22 kg;Fait partie du syst\u00e8me de rangement modulaire PACKOUT;Construit pour r\u00e9sister aux chocs et avoir une durabilit\u00e9 maximale, m\u00eame dans les conditions les plus extr\u00eames;Joints conformes \u00e0 la norme IP65 pour r\u00e9sister \u00e0 la pluie et aux d\u00e9bris de chantier<\/p>\n<p>4932478625<br \/>\n4058546348182.<\/p>\n","protected":false},"excerpt":{"rendered":"<p>PACKOUT Organisateur profond &#8211; 1pc<\/p>\n","protected":false},"featured_media":541373,"template":"","meta":{"_seopress_robots_primary_cat":"","_seopress_titles_title":"","_seopress_titles_desc":"","_seopress_robots_index":""},"product_brand":[3658],"product_cat":[144,5417],"product_tag":[3273],"class_list":{"0":"post-621507","1":"product","2":"type-product","3":"status-publish","4":"has-post-thumbnail","6":"product_brand-milwaukee-fr","7":"product_cat-equipement","8":"product_cat-outils-pour-atelier","9":"product_tag-import-milwau-fr","10":"sws-conto-ricavi-merci-rivendita-macchinari-fr","11":"sws-gruppo-iva-iva81-fr","13":"first","14":"onbackorder","15":"sale","16":"shipping-taxable","17":"purchasable","18":"product-type-simple"},"_links":{"self":[{"href":"https:\/\/lucacastelli.com\/fr\/wp-json\/wp\/v2\/product\/621507","targetHints":{"allow":["GET"]}}],"collection":[{"href":"https:\/\/lucacastelli.com\/fr\/wp-json\/wp\/v2\/product"}],"about":[{"href":"https:\/\/lucacastelli.com\/fr\/wp-json\/wp\/v2\/types\/product"}],"wp:featuredmedia":[{"embeddable":true,"href":"https:\/\/lucacastelli.com\/fr\/wp-json\/wp\/v2\/media\/541373"}],"wp:attachment":[{"href":"https:\/\/lucacastelli.com\/fr\/wp-json\/wp\/v2\/media?parent=621507"}],"wp:term":[{"taxonomy":"product_brand","embeddable":true,"href":"https:\/\/lucacastelli.com\/fr\/wp-json\/wp\/v2\/product_brand?post=621507"},{"taxonomy":"product_cat","embeddable":true,"href":"https:\/\/lucacastelli.com\/fr\/wp-json\/wp\/v2\/product_cat?post=621507"},{"taxonomy":"product_tag","embeddable":true,"href":"https:\/\/lucacastelli.com\/fr\/wp-json\/wp\/v2\/product_tag?post=621507"}],"curies":[{"name":"wp","href":"https:\/\/api.w.org\/{rel}","templated":true}]}}