{"id":621504,"date":"2025-08-09T19:50:55","date_gmt":"2025-08-09T17:50:55","guid":{"rendered":"https:\/\/lucacastelli.com\/prodotto\/milwaukee-packout-insert-en-mousse-fine-pour-les-tiroirs\/"},"modified":"2025-08-09T19:50:55","modified_gmt":"2025-08-09T17:50:55","slug":"milwaukee-packout-insert-en-mousse-fine-pour-les-tiroirs","status":"publish","type":"product","link":"https:\/\/lucacastelli.com\/fr\/produit\/milwaukee-packout-insert-en-mousse-fine-pour-les-tiroirs\/","title":{"rendered":"MILWAUKEE PACKOUT Insert en mousse fine pour les tiroirs."},"content":{"rendered":"<p>PACKOUT THERMOF SLIM CASSET PORTAUTEN.<br \/>\nEnti\u00e8rement personnalisable &#8211; L&#8217;insert en mousse te permet de personnaliser enti\u00e8rement ton tiroir en d\u00e9coupant des formes personnalis\u00e9es pour ranger et prot\u00e9ger tes outils en toute s\u00e9curit\u00e9.;Personnalise ton insert en mousse en 4 \u00e9tapes faciles :;1. Trace la forme du produit avec un marqueur INKZALL\u2122.;2. D\u00e9coupe le contour \u00e0 l&#8217;aide d&#8217;un couteau utilitaire.;3. D\u00e9colle les couches de mousse jusqu&#8217;\u00e0 la profondeur souhait\u00e9e.;4. Place l&#8217;outil dans l&#8217;insert en mousse.;4932493993 contient 2 inserts en mousse. 1 morceau de mousse s&#8217;adapte \u00e0 la hauteur des tiroirs de la bo\u00eete \u00e0 outils \u00e0 4 tiroirs (4932493189) et du tiroir fin de la bo\u00eete \u00e0 outils \u00e0 2+1 tiroirs (4932493190);2 inserts en mousse s&#8217;adaptent \u00e0 la hauteur du grand tiroir de la bo\u00eete \u00e0 outils \u00e0 2+1 tiroirs (4932493190).<\/p>\n<p>4932493993<br \/>\n4058546511531<\/p>\n","protected":false},"excerpt":{"rendered":"<p>PACKOUT THERMOF SLIM CASSET PORTAUTEN.<\/p>\n","protected":false},"featured_media":564877,"template":"","meta":{"_seopress_robots_primary_cat":"","_seopress_titles_title":"","_seopress_titles_desc":"","_seopress_robots_index":""},"product_brand":[3407],"product_cat":[5416,33],"product_tag":[3270],"class_list":{"0":"post-621504","1":"product","2":"type-product","3":"status-publish","4":"has-post-thumbnail","6":"product_brand-milwaukee","7":"product_cat-utensili-per-officina","8":"product_cat-attrezzature","9":"product_tag-import-milwau","10":"sws-conto-ricavi-merci-rivendita-macchinari-fr","11":"sws-gruppo-iva-iva81-fr","13":"first","14":"onbackorder","15":"sale","16":"shipping-taxable","17":"purchasable","18":"product-type-simple"},"_links":{"self":[{"href":"https:\/\/lucacastelli.com\/fr\/wp-json\/wp\/v2\/product\/621504","targetHints":{"allow":["GET"]}}],"collection":[{"href":"https:\/\/lucacastelli.com\/fr\/wp-json\/wp\/v2\/product"}],"about":[{"href":"https:\/\/lucacastelli.com\/fr\/wp-json\/wp\/v2\/types\/product"}],"wp:featuredmedia":[{"embeddable":true,"href":"https:\/\/lucacastelli.com\/fr\/wp-json\/wp\/v2\/media\/564877"}],"wp:attachment":[{"href":"https:\/\/lucacastelli.com\/fr\/wp-json\/wp\/v2\/media?parent=621504"}],"wp:term":[{"taxonomy":"product_brand","embeddable":true,"href":"https:\/\/lucacastelli.com\/fr\/wp-json\/wp\/v2\/product_brand?post=621504"},{"taxonomy":"product_cat","embeddable":true,"href":"https:\/\/lucacastelli.com\/fr\/wp-json\/wp\/v2\/product_cat?post=621504"},{"taxonomy":"product_tag","embeddable":true,"href":"https:\/\/lucacastelli.com\/fr\/wp-json\/wp\/v2\/product_tag?post=621504"}],"curies":[{"name":"wp","href":"https:\/\/api.w.org\/{rel}","templated":true}]}}