{"id":621502,"date":"2025-08-09T19:50:51","date_gmt":"2025-08-09T17:50:51","guid":{"rendered":"https:\/\/lucacastelli.com\/prodotto\/milwaukee-packout-organiser\/"},"modified":"2025-08-09T19:50:51","modified_gmt":"2025-08-09T17:50:51","slug":"milwaukee-packout-organiser","status":"publish","type":"product","link":"https:\/\/lucacastelli.com\/fr\/produit\/milwaukee-packout-organiser\/","title":{"rendered":"MILWAUKEE PACKOUT\u2122 Organiser"},"content":{"rendered":"<p>PACKOUT SLIM COMPACT ORGANISER -1pcs<br \/>\nPartie int\u00e9grante du syst\u00e8me de stockage modulaire PACKOUT\u2122;Construit en polym\u00e8re durable qui augmente la r\u00e9sistance aux chocs sur le chantier;L&#8217;int\u00e9rieur comprend 1 grand conteneur plus 4 petits conteneurs, tous amovibles. Tous les conteneurs contiennent des s\u00e9parateurs;Les compartiments sont scell\u00e9s pour que le contenu ne fuie pas pendant le transport;Syst\u00e8me de protection IP65 pour prot\u00e9ger de la pluie et des d\u00e9bris du chantier. <\/p>\n<p>4932471065<br \/>\n4058546286934<\/p>\n","protected":false},"excerpt":{"rendered":"<p>PACKOUT ORGANISATEUR COMPACT SLIM -1pcs<\/p>\n","protected":false},"featured_media":530588,"template":"","meta":{"_seopress_robots_primary_cat":"","_seopress_titles_title":"","_seopress_titles_desc":"","_seopress_robots_index":""},"product_brand":[3658],"product_cat":[144,5417],"product_tag":[3273],"class_list":{"0":"post-621502","1":"product","2":"type-product","3":"status-publish","4":"has-post-thumbnail","6":"product_brand-milwaukee-fr","7":"product_cat-equipement","8":"product_cat-outils-pour-atelier","9":"product_tag-import-milwau-fr","10":"sws-conto-ricavi-merci-rivendita-macchinari-fr","11":"sws-gruppo-iva-iva81-fr","13":"first","14":"onbackorder","15":"sale","16":"shipping-taxable","17":"purchasable","18":"product-type-simple"},"_links":{"self":[{"href":"https:\/\/lucacastelli.com\/fr\/wp-json\/wp\/v2\/product\/621502","targetHints":{"allow":["GET"]}}],"collection":[{"href":"https:\/\/lucacastelli.com\/fr\/wp-json\/wp\/v2\/product"}],"about":[{"href":"https:\/\/lucacastelli.com\/fr\/wp-json\/wp\/v2\/types\/product"}],"wp:featuredmedia":[{"embeddable":true,"href":"https:\/\/lucacastelli.com\/fr\/wp-json\/wp\/v2\/media\/530588"}],"wp:attachment":[{"href":"https:\/\/lucacastelli.com\/fr\/wp-json\/wp\/v2\/media?parent=621502"}],"wp:term":[{"taxonomy":"product_brand","embeddable":true,"href":"https:\/\/lucacastelli.com\/fr\/wp-json\/wp\/v2\/product_brand?post=621502"},{"taxonomy":"product_cat","embeddable":true,"href":"https:\/\/lucacastelli.com\/fr\/wp-json\/wp\/v2\/product_cat?post=621502"},{"taxonomy":"product_tag","embeddable":true,"href":"https:\/\/lucacastelli.com\/fr\/wp-json\/wp\/v2\/product_tag?post=621502"}],"curies":[{"name":"wp","href":"https:\/\/api.w.org\/{rel}","templated":true}]}}