{"id":621481,"date":"2025-08-09T19:50:40","date_gmt":"2025-08-09T17:50:40","guid":{"rendered":"https:\/\/lucacastelli.com\/prodotto\/milwaukee-packout-etageres-mobiles\/"},"modified":"2025-08-09T19:50:40","modified_gmt":"2025-08-09T17:50:40","slug":"milwaukee-packout-etageres-mobiles","status":"publish","type":"product","link":"https:\/\/lucacastelli.com\/fr\/produit\/milwaukee-packout-etageres-mobiles\/","title":{"rendered":"MILWAUKEE PACKOUT \u00c9tag\u00e8res mobiles"},"content":{"rendered":"<p>PACKOUT Kit de syst\u00e8me de rayonnage &#8211; 1pc<br \/>\nLe syst\u00e8me de rayonnage mobile peut \u00eatre fix\u00e9 au mur dans les v\u00e9hicules ou dans des endroits tels que les entrep\u00f4ts, les garages, etc ;Conception \u00e0 fixation rapide pour faciliter le montage, le r\u00e9glage de la hauteur et le retrait des \u00e9tag\u00e8res ;Chaque \u00e9tag\u00e8re a une capacit\u00e9 de charge de 22 kg;Cadre m\u00e9tallique renforc\u00e9;Construit en polym\u00e8res r\u00e9sistants aux chocs;Fait partie du syst\u00e8me de stockage modulaire PACKOUT;Certifi\u00e9 selon la norme EN 12642 pour assurer la fixation de la charge aux parois du v\u00e9hicule<\/p>\n<p>4932472127<br \/>\n4058546325237.<\/p>\n","protected":false},"excerpt":{"rendered":"<p>PACKOUT Kit de syst\u00e8me de rayonnage &#8211; 1pc<\/p>\n","protected":false},"featured_media":600355,"template":"","meta":{"_seopress_robots_primary_cat":"","_seopress_titles_title":"","_seopress_titles_desc":"","_seopress_robots_index":""},"product_brand":[3407],"product_cat":[5416,33],"product_tag":[3270],"class_list":{"0":"post-621481","1":"product","2":"type-product","3":"status-publish","4":"has-post-thumbnail","6":"product_brand-milwaukee","7":"product_cat-utensili-per-officina","8":"product_cat-attrezzature","9":"product_tag-import-milwau","10":"sws-conto-ricavi-merci-rivendita-macchinari-fr","11":"sws-gruppo-iva-iva81-fr","13":"first","14":"onbackorder","15":"sale","16":"shipping-taxable","17":"purchasable","18":"product-type-simple"},"_links":{"self":[{"href":"https:\/\/lucacastelli.com\/fr\/wp-json\/wp\/v2\/product\/621481","targetHints":{"allow":["GET"]}}],"collection":[{"href":"https:\/\/lucacastelli.com\/fr\/wp-json\/wp\/v2\/product"}],"about":[{"href":"https:\/\/lucacastelli.com\/fr\/wp-json\/wp\/v2\/types\/product"}],"wp:featuredmedia":[{"embeddable":true,"href":"https:\/\/lucacastelli.com\/fr\/wp-json\/wp\/v2\/media\/600355"}],"wp:attachment":[{"href":"https:\/\/lucacastelli.com\/fr\/wp-json\/wp\/v2\/media?parent=621481"}],"wp:term":[{"taxonomy":"product_brand","embeddable":true,"href":"https:\/\/lucacastelli.com\/fr\/wp-json\/wp\/v2\/product_brand?post=621481"},{"taxonomy":"product_cat","embeddable":true,"href":"https:\/\/lucacastelli.com\/fr\/wp-json\/wp\/v2\/product_cat?post=621481"},{"taxonomy":"product_tag","embeddable":true,"href":"https:\/\/lucacastelli.com\/fr\/wp-json\/wp\/v2\/product_tag?post=621481"}],"curies":[{"name":"wp","href":"https:\/\/api.w.org\/{rel}","templated":true}]}}