{"id":621473,"date":"2025-08-09T19:50:37","date_gmt":"2025-08-09T17:50:37","guid":{"rendered":"https:\/\/lucacastelli.com\/prodotto\/milwaukee-packout-etageres-de-rangement-5\/"},"modified":"2025-08-09T19:50:37","modified_gmt":"2025-08-09T17:50:37","slug":"milwaukee-packout-etageres-de-rangement-5","status":"publish","type":"product","link":"https:\/\/lucacastelli.com\/fr\/produit\/milwaukee-packout-etageres-de-rangement-5\/","title":{"rendered":"MILWAUKEE PACKOUT \u00c9tag\u00e8res de rangement ."},"content":{"rendered":"<p>PACKOUT MAGASIN SCAFFOLDING AVEC CLIP &amp; LOCK<br \/>\nAcc\u00e8s facile \u00e0 tous les outils et ustensiles.;Syst\u00e8me d&#8217;assemblage s\u00fbr et rapide avec m\u00e9canisme click &amp; lock.;Personnalise enti\u00e8rement ton magasin en fonction de tes besoins.;Fait partie du syst\u00e8me de rangement modulaire PACKOUT\u2122.<\/p>\n<p>4932493377<br \/>\n4058546482480<\/p>\n","protected":false},"excerpt":{"rendered":"<p>PACKOUT \u00c9TAG\u00c8RE AVEC CLIP<\/p>\n","protected":false},"featured_media":562092,"template":"","meta":{"_seopress_robots_primary_cat":"","_seopress_titles_title":"","_seopress_titles_desc":"","_seopress_robots_index":""},"product_brand":[3407],"product_cat":[5416,33],"product_tag":[3270],"class_list":{"0":"post-621473","1":"product","2":"type-product","3":"status-publish","4":"has-post-thumbnail","6":"product_brand-milwaukee","7":"product_cat-utensili-per-officina","8":"product_cat-attrezzature","9":"product_tag-import-milwau","10":"sws-conto-ricavi-merci-rivendita-macchinari-fr","11":"sws-gruppo-iva-iva81-fr","13":"first","14":"onbackorder","15":"sale","16":"shipping-taxable","17":"purchasable","18":"product-type-simple"},"_links":{"self":[{"href":"https:\/\/lucacastelli.com\/fr\/wp-json\/wp\/v2\/product\/621473","targetHints":{"allow":["GET"]}}],"collection":[{"href":"https:\/\/lucacastelli.com\/fr\/wp-json\/wp\/v2\/product"}],"about":[{"href":"https:\/\/lucacastelli.com\/fr\/wp-json\/wp\/v2\/types\/product"}],"wp:featuredmedia":[{"embeddable":true,"href":"https:\/\/lucacastelli.com\/fr\/wp-json\/wp\/v2\/media\/562092"}],"wp:attachment":[{"href":"https:\/\/lucacastelli.com\/fr\/wp-json\/wp\/v2\/media?parent=621473"}],"wp:term":[{"taxonomy":"product_brand","embeddable":true,"href":"https:\/\/lucacastelli.com\/fr\/wp-json\/wp\/v2\/product_brand?post=621473"},{"taxonomy":"product_cat","embeddable":true,"href":"https:\/\/lucacastelli.com\/fr\/wp-json\/wp\/v2\/product_cat?post=621473"},{"taxonomy":"product_tag","embeddable":true,"href":"https:\/\/lucacastelli.com\/fr\/wp-json\/wp\/v2\/product_tag?post=621473"}],"curies":[{"name":"wp","href":"https:\/\/api.w.org\/{rel}","templated":true}]}}