{"id":621463,"date":"2025-08-09T19:50:14","date_gmt":"2025-08-09T17:50:14","guid":{"rendered":"https:\/\/lucacastelli.com\/prodotto\/milwaukee-packout-plan-de-travail\/"},"modified":"2025-08-09T19:50:14","modified_gmt":"2025-08-09T17:50:14","slug":"milwaukee-packout-plan-de-travail","status":"publish","type":"product","link":"https:\/\/lucacastelli.com\/fr\/produit\/milwaukee-packout-plan-de-travail\/","title":{"rendered":"MILWAUKEE PACKOUT Plan de travail"},"content":{"rendered":"<p>PACKOUT WORKTOP 1pc<br \/>\nLe plan de travail en contreplaqu\u00e9 &#8221;marine&#8221; offre une surface lisse pour les travaux d&#8217;assemblage l\u00e9gers, l&#8217;\u00e9criture ou le travail sur un ordinateur portable;Assemblage rapide et facile gr\u00e2ce au syst\u00e8me PACKOUT\u2122;Capacit\u00e9 de charge de 22 kg;Partie int\u00e9grante du syst\u00e8me de rangement PACKOUT\u2122;Construit en polym\u00e8res r\u00e9sistants aux chocs pour une durabilit\u00e9 sur site<\/p>\n<p>4932472128<br \/>\n4058546325244.<\/p>\n","protected":false},"excerpt":{"rendered":"<p>PACKOUT WORKTOP 1pcs<\/p>\n","protected":false},"featured_media":539189,"template":"","meta":{"_seopress_robots_primary_cat":"","_seopress_titles_title":"","_seopress_titles_desc":"","_seopress_robots_index":""},"product_brand":[3407],"product_cat":[5416,33],"product_tag":[3270],"class_list":{"0":"post-621463","1":"product","2":"type-product","3":"status-publish","4":"has-post-thumbnail","6":"product_brand-milwaukee","7":"product_cat-utensili-per-officina","8":"product_cat-attrezzature","9":"product_tag-import-milwau","10":"sws-conto-ricavi-merci-rivendita-macchinari-fr","11":"sws-gruppo-iva-iva81-fr","13":"first","14":"onbackorder","15":"sale","16":"shipping-taxable","17":"purchasable","18":"product-type-simple"},"_links":{"self":[{"href":"https:\/\/lucacastelli.com\/fr\/wp-json\/wp\/v2\/product\/621463","targetHints":{"allow":["GET"]}}],"collection":[{"href":"https:\/\/lucacastelli.com\/fr\/wp-json\/wp\/v2\/product"}],"about":[{"href":"https:\/\/lucacastelli.com\/fr\/wp-json\/wp\/v2\/types\/product"}],"wp:featuredmedia":[{"embeddable":true,"href":"https:\/\/lucacastelli.com\/fr\/wp-json\/wp\/v2\/media\/539189"}],"wp:attachment":[{"href":"https:\/\/lucacastelli.com\/fr\/wp-json\/wp\/v2\/media?parent=621463"}],"wp:term":[{"taxonomy":"product_brand","embeddable":true,"href":"https:\/\/lucacastelli.com\/fr\/wp-json\/wp\/v2\/product_brand?post=621463"},{"taxonomy":"product_cat","embeddable":true,"href":"https:\/\/lucacastelli.com\/fr\/wp-json\/wp\/v2\/product_cat?post=621463"},{"taxonomy":"product_tag","embeddable":true,"href":"https:\/\/lucacastelli.com\/fr\/wp-json\/wp\/v2\/product_tag?post=621463"}],"curies":[{"name":"wp","href":"https:\/\/api.w.org\/{rel}","templated":true}]}}