{"id":621452,"date":"2025-08-09T19:50:12","date_gmt":"2025-08-09T17:50:12","guid":{"rendered":"https:\/\/lucacastelli.com\/prodotto\/milwaukee-packout-kit-de-demarrage-du-systeme-mural\/"},"modified":"2025-08-09T19:50:12","modified_gmt":"2025-08-09T17:50:12","slug":"milwaukee-packout-kit-de-demarrage-du-systeme-mural","status":"publish","type":"product","link":"https:\/\/lucacastelli.com\/fr\/produit\/milwaukee-packout-kit-de-demarrage-du-systeme-mural\/","title":{"rendered":"MILWAUKEE PACKOUT Kit de d\u00e9marrage du syst\u00e8me mural."},"content":{"rendered":"<p>KIT DE D\u00c9MARRAGE MURAL PROMO PACKOUT<br \/>\nContient :<\/p>\n<p>PACKOUT plaque de rangement XL 4932480622, PACKOUT support 4932480712, support de batterie M18 4932480709, support de batterie M12\u2122 4932480708. 4932493620<br \/>\n4058546484910.<\/p>\n","protected":false},"excerpt":{"rendered":"<p>PROMO STARTER KIT WALL PACKOUT<\/p>\n","protected":false},"featured_media":562822,"template":"","meta":{"_seopress_robots_primary_cat":"","_seopress_titles_title":"","_seopress_titles_desc":"","_seopress_robots_index":""},"product_brand":[3407],"product_cat":[5416,33],"product_tag":[3270],"class_list":{"0":"post-621452","1":"product","2":"type-product","3":"status-publish","4":"has-post-thumbnail","6":"product_brand-milwaukee","7":"product_cat-utensili-per-officina","8":"product_cat-attrezzature","9":"product_tag-import-milwau","10":"sws-conto-ricavi-merci-rivendita-macchinari-fr","11":"sws-gruppo-iva-iva81-fr","13":"first","14":"onbackorder","15":"sale","16":"shipping-taxable","17":"purchasable","18":"product-type-simple"},"_links":{"self":[{"href":"https:\/\/lucacastelli.com\/fr\/wp-json\/wp\/v2\/product\/621452","targetHints":{"allow":["GET"]}}],"collection":[{"href":"https:\/\/lucacastelli.com\/fr\/wp-json\/wp\/v2\/product"}],"about":[{"href":"https:\/\/lucacastelli.com\/fr\/wp-json\/wp\/v2\/types\/product"}],"wp:featuredmedia":[{"embeddable":true,"href":"https:\/\/lucacastelli.com\/fr\/wp-json\/wp\/v2\/media\/562822"}],"wp:attachment":[{"href":"https:\/\/lucacastelli.com\/fr\/wp-json\/wp\/v2\/media?parent=621452"}],"wp:term":[{"taxonomy":"product_brand","embeddable":true,"href":"https:\/\/lucacastelli.com\/fr\/wp-json\/wp\/v2\/product_brand?post=621452"},{"taxonomy":"product_cat","embeddable":true,"href":"https:\/\/lucacastelli.com\/fr\/wp-json\/wp\/v2\/product_cat?post=621452"},{"taxonomy":"product_tag","embeddable":true,"href":"https:\/\/lucacastelli.com\/fr\/wp-json\/wp\/v2\/product_tag?post=621452"}],"curies":[{"name":"wp","href":"https:\/\/api.w.org\/{rel}","templated":true}]}}