{"id":621450,"date":"2025-08-09T19:50:11","date_gmt":"2025-08-09T17:50:11","guid":{"rendered":"https:\/\/lucacastelli.com\/prodotto\/milwaukee-packout-supports-de-stockage-2\/"},"modified":"2025-08-09T19:50:11","modified_gmt":"2025-08-09T17:50:11","slug":"milwaukee-packout-supports-de-stockage-2","status":"publish","type":"product","link":"https:\/\/lucacastelli.com\/fr\/produit\/milwaukee-packout-supports-de-stockage-2\/","title":{"rendered":"MILWAUKEE PACKOUT Supports de stockage"},"content":{"rendered":"<p>SUPPORT PACKOUT AVEC VERROU COMPACT<br \/>\nAcc\u00e8s facile et rapide \u00e0 tous les outils.;Assemblage s\u00fbr et rapide gr\u00e2ce au m\u00e9canisme de clic et de d\u00e9verrouillage.;Syst\u00e8me enti\u00e8rement personnalisable pour r\u00e9pondre \u00e0 tes besoins.;Assemblage facile et s\u00fbr gr\u00e2ce au m\u00e9canisme de clic et de verrouillage.;Fait partie du syst\u00e8me de rangement modulaire PACKOUT\u2122.<\/p>\n<p>4932493382<br \/>\n4058546482534<\/p>\n","protected":false},"excerpt":{"rendered":"<p>SUPPORT DE PACKOUT AVEC BLOC COMPACT<\/p>\n","protected":false},"featured_media":562201,"template":"","meta":{"_seopress_robots_primary_cat":"","_seopress_titles_title":"","_seopress_titles_desc":"","_seopress_robots_index":""},"product_brand":[3407],"product_cat":[5416,33],"product_tag":[3270],"class_list":{"0":"post-621450","1":"product","2":"type-product","3":"status-publish","4":"has-post-thumbnail","6":"product_brand-milwaukee","7":"product_cat-utensili-per-officina","8":"product_cat-attrezzature","9":"product_tag-import-milwau","10":"sws-conto-ricavi-merci-rivendita-macchinari-fr","11":"sws-gruppo-iva-iva81-fr","13":"first","14":"onbackorder","15":"sale","16":"shipping-taxable","17":"purchasable","18":"product-type-simple"},"_links":{"self":[{"href":"https:\/\/lucacastelli.com\/fr\/wp-json\/wp\/v2\/product\/621450","targetHints":{"allow":["GET"]}}],"collection":[{"href":"https:\/\/lucacastelli.com\/fr\/wp-json\/wp\/v2\/product"}],"about":[{"href":"https:\/\/lucacastelli.com\/fr\/wp-json\/wp\/v2\/types\/product"}],"wp:featuredmedia":[{"embeddable":true,"href":"https:\/\/lucacastelli.com\/fr\/wp-json\/wp\/v2\/media\/562201"}],"wp:attachment":[{"href":"https:\/\/lucacastelli.com\/fr\/wp-json\/wp\/v2\/media?parent=621450"}],"wp:term":[{"taxonomy":"product_brand","embeddable":true,"href":"https:\/\/lucacastelli.com\/fr\/wp-json\/wp\/v2\/product_brand?post=621450"},{"taxonomy":"product_cat","embeddable":true,"href":"https:\/\/lucacastelli.com\/fr\/wp-json\/wp\/v2\/product_cat?post=621450"},{"taxonomy":"product_tag","embeddable":true,"href":"https:\/\/lucacastelli.com\/fr\/wp-json\/wp\/v2\/product_tag?post=621450"}],"curies":[{"name":"wp","href":"https:\/\/api.w.org\/{rel}","templated":true}]}}