{"id":621436,"date":"2025-08-09T19:50:06","date_gmt":"2025-08-09T17:50:06","guid":{"rendered":"https:\/\/lucacastelli.com\/prodotto\/milwaukee-packout-cups\/"},"modified":"2025-08-09T19:50:06","modified_gmt":"2025-08-09T17:50:06","slug":"milwaukee-packout-cups","status":"publish","type":"product","link":"https:\/\/lucacastelli.com\/fr\/produit\/milwaukee-packout-cups\/","title":{"rendered":"MILWAUKEE PACKOUT\u2122 cups"},"content":{"rendered":"<p>PACKOUT BORR NER DRININKING CAP 532ml IMPUGN<br \/>\nIsolation sous vide \u00e0 double paroi pour garder le chaud et le froid toute la journ\u00e9e;Acier inoxydable 18\/8 pour une durabilit\u00e9 maximale;Poign\u00e9e ergonomique pour une prise en main s\u00fbre et confortable;Lavable au lave-vaisselle;Les couvercles sont compatibles avec tous les flacons et tasses PACKOUT\u2122;M\u00e9canisme de rotation et de verrouillage pour la connexion \u00e0 tous les composants PACKOUT\u2122;Fait partie du syst\u00e8me PACKOUT\u2122<\/p>\n<p>4932493472<br \/>\n.<\/p>\n","protected":false},"excerpt":{"rendered":"<p>PACKOUT BORR NER BOUCHON A BOIRE 532ml IMPUGN<\/p>\n","protected":false},"featured_media":562585,"template":"","meta":{"_seopress_robots_primary_cat":"","_seopress_titles_title":"","_seopress_titles_desc":"","_seopress_robots_index":""},"product_brand":[3407],"product_cat":[5416,33],"product_tag":[3270],"class_list":{"0":"post-621436","1":"product","2":"type-product","3":"status-publish","4":"has-post-thumbnail","6":"product_brand-milwaukee","7":"product_cat-utensili-per-officina","8":"product_cat-attrezzature","9":"product_tag-import-milwau","10":"sws-conto-ricavi-merci-rivendita-macchinari-fr","11":"sws-gruppo-iva-iva81-fr","13":"first","14":"onbackorder","15":"sale","16":"shipping-taxable","17":"purchasable","18":"product-type-simple"},"_links":{"self":[{"href":"https:\/\/lucacastelli.com\/fr\/wp-json\/wp\/v2\/product\/621436","targetHints":{"allow":["GET"]}}],"collection":[{"href":"https:\/\/lucacastelli.com\/fr\/wp-json\/wp\/v2\/product"}],"about":[{"href":"https:\/\/lucacastelli.com\/fr\/wp-json\/wp\/v2\/types\/product"}],"wp:featuredmedia":[{"embeddable":true,"href":"https:\/\/lucacastelli.com\/fr\/wp-json\/wp\/v2\/media\/562585"}],"wp:attachment":[{"href":"https:\/\/lucacastelli.com\/fr\/wp-json\/wp\/v2\/media?parent=621436"}],"wp:term":[{"taxonomy":"product_brand","embeddable":true,"href":"https:\/\/lucacastelli.com\/fr\/wp-json\/wp\/v2\/product_brand?post=621436"},{"taxonomy":"product_cat","embeddable":true,"href":"https:\/\/lucacastelli.com\/fr\/wp-json\/wp\/v2\/product_cat?post=621436"},{"taxonomy":"product_tag","embeddable":true,"href":"https:\/\/lucacastelli.com\/fr\/wp-json\/wp\/v2\/product_tag?post=621436"}],"curies":[{"name":"wp","href":"https:\/\/api.w.org\/{rel}","templated":true}]}}