{"id":621435,"date":"2025-08-09T19:49:55","date_gmt":"2025-08-09T17:49:55","guid":{"rendered":"https:\/\/lucacastelli.com\/prodotto\/milwaukee-packout-set-en-bois-thermoforme-6-pieces\/"},"modified":"2025-08-09T19:49:55","modified_gmt":"2025-08-09T17:49:55","slug":"milwaukee-packout-set-en-bois-thermoforme-6-pieces","status":"publish","type":"product","link":"https:\/\/lucacastelli.com\/fr\/produit\/milwaukee-packout-set-en-bois-thermoforme-6-pieces\/","title":{"rendered":"MILWAUKEE PACKOUT set en bois thermoform\u00e9 &#8211; 6 pi\u00e8ces."},"content":{"rendered":"<p>ENSEMBLE DE POIGN\u00c9ES THERMOFORM\u00c9ES POUR PACKOUT<br \/>\nNoyau enti\u00e8rement m\u00e9tallique pour une durabilit\u00e9 maximale.;Partie battante en m\u00e9tal \u00e0 fort impact assurant une plus longue dur\u00e9e de vie de la poign\u00e9e.;Poign\u00e9e SHOCKSHIELD\u2122 r\u00e9duisant les vibrations, aidant \u00e0 r\u00e9duire la fatigue et offrant une durabilit\u00e9 am\u00e9lior\u00e9e.;Mousse de premi\u00e8re qualit\u00e9 pour une durabilit\u00e9 accrue. Gabarits d\u00e9coup\u00e9s au laser, fond rouge pour identifier rapidement les outils manquants.<\/p>\n<p>4932493641<br \/>\n4058546485122<\/p>\n","protected":false},"excerpt":{"rendered":"<p>CHARPENTIER THERMOFORM\u00c9 POUR LE PACKOUT<\/p>\n","protected":false},"featured_media":563059,"template":"","meta":{"_seopress_robots_primary_cat":"","_seopress_titles_title":"","_seopress_titles_desc":"","_seopress_robots_index":""},"product_brand":[3407],"product_cat":[5416,33],"product_tag":[3270],"class_list":{"0":"post-621435","1":"product","2":"type-product","3":"status-publish","4":"has-post-thumbnail","6":"product_brand-milwaukee","7":"product_cat-utensili-per-officina","8":"product_cat-attrezzature","9":"product_tag-import-milwau","10":"sws-conto-ricavi-merci-rivendita-macchinari-fr","11":"sws-gruppo-iva-iva81-fr","13":"first","14":"onbackorder","15":"sale","16":"shipping-taxable","17":"purchasable","18":"product-type-simple"},"_links":{"self":[{"href":"https:\/\/lucacastelli.com\/fr\/wp-json\/wp\/v2\/product\/621435","targetHints":{"allow":["GET"]}}],"collection":[{"href":"https:\/\/lucacastelli.com\/fr\/wp-json\/wp\/v2\/product"}],"about":[{"href":"https:\/\/lucacastelli.com\/fr\/wp-json\/wp\/v2\/types\/product"}],"wp:featuredmedia":[{"embeddable":true,"href":"https:\/\/lucacastelli.com\/fr\/wp-json\/wp\/v2\/media\/563059"}],"wp:attachment":[{"href":"https:\/\/lucacastelli.com\/fr\/wp-json\/wp\/v2\/media?parent=621435"}],"wp:term":[{"taxonomy":"product_brand","embeddable":true,"href":"https:\/\/lucacastelli.com\/fr\/wp-json\/wp\/v2\/product_brand?post=621435"},{"taxonomy":"product_cat","embeddable":true,"href":"https:\/\/lucacastelli.com\/fr\/wp-json\/wp\/v2\/product_cat?post=621435"},{"taxonomy":"product_tag","embeddable":true,"href":"https:\/\/lucacastelli.com\/fr\/wp-json\/wp\/v2\/product_tag?post=621435"}],"curies":[{"name":"wp","href":"https:\/\/api.w.org\/{rel}","templated":true}]}}