{"id":621429,"date":"2025-08-09T19:49:54","date_gmt":"2025-08-09T17:49:54","guid":{"rendered":"https:\/\/lucacastelli.com\/prodotto\/milwaukee-packout-jeu-de-pinces-thermoformees-8-pieces\/"},"modified":"2025-08-09T19:49:54","modified_gmt":"2025-08-09T17:49:54","slug":"milwaukee-packout-jeu-de-pinces-thermoformees-8-pieces","status":"publish","type":"product","link":"https:\/\/lucacastelli.com\/fr\/produit\/milwaukee-packout-jeu-de-pinces-thermoformees-8-pieces\/","title":{"rendered":"MILWAUKEE PACKOUT jeu de pinces thermoform\u00e9es &#8211; 8 pi\u00e8ces"},"content":{"rendered":"<p>THERMOFPACKOUT PLIERS SET<br \/>\nTransmission maximale de la puissance pour un effet de levier optimal permettant de travailler facilement et sans effort.;Conception de la t\u00eate douce au toucher avec des bords arrondis pour \u00e9viter les blessures \u00e0 la main.;M\u00e2choire \u00e0 double denture pour une prise maximale. Dents durcies par induction.;Les m\u00e2choires incurv\u00e9es permettent une plus grande capacit\u00e9 de pr\u00e9hension.;Mousse de premi\u00e8re qualit\u00e9 pour une meilleure durabilit\u00e9. Gabarits d\u00e9coup\u00e9s au laser, fond rouge pour une identification rapide des outils manquants.<\/p>\n<p>4932493643<br \/>\n4058546485146<\/p>\n","protected":false},"excerpt":{"rendered":"<p>SET DE PINCES THERMOFPACKOUT<\/p>\n","protected":false},"featured_media":563081,"template":"","meta":{"_seopress_robots_primary_cat":"","_seopress_titles_title":"","_seopress_titles_desc":"","_seopress_robots_index":""},"product_brand":[3407],"product_cat":[5416,33],"product_tag":[3270],"class_list":{"0":"post-621429","1":"product","2":"type-product","3":"status-publish","4":"has-post-thumbnail","6":"product_brand-milwaukee","7":"product_cat-utensili-per-officina","8":"product_cat-attrezzature","9":"product_tag-import-milwau","10":"sws-conto-ricavi-merci-rivendita-macchinari-fr","11":"sws-gruppo-iva-iva81-fr","13":"first","14":"onbackorder","15":"sale","16":"shipping-taxable","17":"purchasable","18":"product-type-simple"},"_links":{"self":[{"href":"https:\/\/lucacastelli.com\/fr\/wp-json\/wp\/v2\/product\/621429","targetHints":{"allow":["GET"]}}],"collection":[{"href":"https:\/\/lucacastelli.com\/fr\/wp-json\/wp\/v2\/product"}],"about":[{"href":"https:\/\/lucacastelli.com\/fr\/wp-json\/wp\/v2\/types\/product"}],"wp:featuredmedia":[{"embeddable":true,"href":"https:\/\/lucacastelli.com\/fr\/wp-json\/wp\/v2\/media\/563081"}],"wp:attachment":[{"href":"https:\/\/lucacastelli.com\/fr\/wp-json\/wp\/v2\/media?parent=621429"}],"wp:term":[{"taxonomy":"product_brand","embeddable":true,"href":"https:\/\/lucacastelli.com\/fr\/wp-json\/wp\/v2\/product_brand?post=621429"},{"taxonomy":"product_cat","embeddable":true,"href":"https:\/\/lucacastelli.com\/fr\/wp-json\/wp\/v2\/product_cat?post=621429"},{"taxonomy":"product_tag","embeddable":true,"href":"https:\/\/lucacastelli.com\/fr\/wp-json\/wp\/v2\/product_tag?post=621429"}],"curies":[{"name":"wp","href":"https:\/\/api.w.org\/{rel}","templated":true}]}}