{"id":621425,"date":"2025-08-09T19:49:52","date_gmt":"2025-08-09T17:49:52","guid":{"rendered":"https:\/\/lucacastelli.com\/prodotto\/milwaukee-packout-set-doutils-isoles-thermoformes-1-000-v-10-pieces\/"},"modified":"2025-08-09T19:49:52","modified_gmt":"2025-08-09T17:49:52","slug":"milwaukee-packout-set-doutils-isoles-thermoformes-1-000-v-10-pieces","status":"publish","type":"product","link":"https:\/\/lucacastelli.com\/fr\/produit\/milwaukee-packout-set-doutils-isoles-thermoformes-1-000-v-10-pieces\/","title":{"rendered":"MILWAUKEE PACKOUT set d&#8217;outils isol\u00e9s thermoform\u00e9s 1 000 V &#8211; 10 pi\u00e8ces."},"content":{"rendered":"<p>ENSEMBLE D&#8217;OUTILS ISOL\u00c9S 1000V THERMOFPACKOUT<br \/>\nTest\u00e9 \u00e0 10 000 volts et garanti \u00e0 1 000 volts.;Levier optimal pour un travail facile et sans effort.;Jusqu&#8217;\u00e0 60 % de puissance en moins lors de la coupe.;Bo\u00eetier mince et isol\u00e9 pour les applications dans les espaces confin\u00e9s.;Poign\u00e9e \u00e0 trois lobes pour une puissance de rotation maximale.;Poign\u00e9e antiroulis.;Mousse de premi\u00e8re qualit\u00e9 pour une plus grande durabilit\u00e9. Gabarits d\u00e9coup\u00e9s au laser, fond rouge pour une identification rapide des outils manquants.<\/p>\n<p>4932493637<br \/>\n4058546485085<\/p>\n","protected":false},"excerpt":{"rendered":"<p>SET D&#8217;OUTILS ISOL\u00c9S 1000V THERMOFPACKOUT<\/p>\n","protected":false},"featured_media":562999,"template":"","meta":{"_seopress_robots_primary_cat":"","_seopress_titles_title":"","_seopress_titles_desc":"","_seopress_robots_index":""},"product_brand":[3407],"product_cat":[5416,33],"product_tag":[3270],"class_list":{"0":"post-621425","1":"product","2":"type-product","3":"status-publish","4":"has-post-thumbnail","6":"product_brand-milwaukee","7":"product_cat-utensili-per-officina","8":"product_cat-attrezzature","9":"product_tag-import-milwau","10":"sws-conto-ricavi-merci-rivendita-macchinari-fr","11":"sws-gruppo-iva-iva81-fr","13":"first","14":"onbackorder","15":"sale","16":"shipping-taxable","17":"purchasable","18":"product-type-simple"},"_links":{"self":[{"href":"https:\/\/lucacastelli.com\/fr\/wp-json\/wp\/v2\/product\/621425","targetHints":{"allow":["GET"]}}],"collection":[{"href":"https:\/\/lucacastelli.com\/fr\/wp-json\/wp\/v2\/product"}],"about":[{"href":"https:\/\/lucacastelli.com\/fr\/wp-json\/wp\/v2\/types\/product"}],"wp:featuredmedia":[{"embeddable":true,"href":"https:\/\/lucacastelli.com\/fr\/wp-json\/wp\/v2\/media\/562999"}],"wp:attachment":[{"href":"https:\/\/lucacastelli.com\/fr\/wp-json\/wp\/v2\/media?parent=621425"}],"wp:term":[{"taxonomy":"product_brand","embeddable":true,"href":"https:\/\/lucacastelli.com\/fr\/wp-json\/wp\/v2\/product_brand?post=621425"},{"taxonomy":"product_cat","embeddable":true,"href":"https:\/\/lucacastelli.com\/fr\/wp-json\/wp\/v2\/product_cat?post=621425"},{"taxonomy":"product_tag","embeddable":true,"href":"https:\/\/lucacastelli.com\/fr\/wp-json\/wp\/v2\/product_tag?post=621425"}],"curies":[{"name":"wp","href":"https:\/\/api.w.org\/{rel}","templated":true}]}}