{"id":621421,"date":"2025-08-09T19:49:50","date_gmt":"2025-08-09T17:49:50","guid":{"rendered":"https:\/\/lucacastelli.com\/prodotto\/milwaukee-packout-ultimate-set\/"},"modified":"2025-08-09T19:49:50","modified_gmt":"2025-08-09T17:49:50","slug":"milwaukee-packout-ultimate-set","status":"publish","type":"product","link":"https:\/\/lucacastelli.com\/fr\/produit\/milwaukee-packout-ultimate-set\/","title":{"rendered":"MILWAUKEE PACKOUT Ultimate set"},"content":{"rendered":"<p>PROMO SET ULTIMATE PACKOUT<br \/>\nComprend : PACKOUT\u2122 \u00c9tabli, PACKOUT\u2122 Coffre \u00e0 outils avec 2 tiroirs, PACKOUT\u2122 Coffre \u00e0 outils avec 3 tiroirs, PACKOUT\u2122 Chariot plat.;Facile \u00e0 d\u00e9placer dans l&#8217;espace de travail.;Outils toujours \u00e0 port\u00e9e de main.;Fait partie du syst\u00e8me de rangement modulaire PACKOUT\u2122.<\/p>\n<p>4932492892<br \/>\n4058546477639.<\/p>\n","protected":false},"excerpt":{"rendered":"<p>PROMO ULTIMATE SET PACKOUT<\/p>\n","protected":false},"featured_media":558814,"template":"","meta":{"_seopress_robots_primary_cat":"","_seopress_titles_title":"","_seopress_titles_desc":"","_seopress_robots_index":""},"product_brand":[3407],"product_cat":[5416,33],"product_tag":[3270],"class_list":{"0":"post-621421","1":"product","2":"type-product","3":"status-publish","4":"has-post-thumbnail","6":"product_brand-milwaukee","7":"product_cat-utensili-per-officina","8":"product_cat-attrezzature","9":"product_tag-import-milwau","10":"sws-conto-ricavi-merci-rivendita-macchinari-fr","11":"sws-gruppo-iva-iva81-fr","13":"first","14":"onbackorder","15":"sale","16":"shipping-taxable","17":"purchasable","18":"product-type-simple"},"_links":{"self":[{"href":"https:\/\/lucacastelli.com\/fr\/wp-json\/wp\/v2\/product\/621421","targetHints":{"allow":["GET"]}}],"collection":[{"href":"https:\/\/lucacastelli.com\/fr\/wp-json\/wp\/v2\/product"}],"about":[{"href":"https:\/\/lucacastelli.com\/fr\/wp-json\/wp\/v2\/types\/product"}],"wp:featuredmedia":[{"embeddable":true,"href":"https:\/\/lucacastelli.com\/fr\/wp-json\/wp\/v2\/media\/558814"}],"wp:attachment":[{"href":"https:\/\/lucacastelli.com\/fr\/wp-json\/wp\/v2\/media?parent=621421"}],"wp:term":[{"taxonomy":"product_brand","embeddable":true,"href":"https:\/\/lucacastelli.com\/fr\/wp-json\/wp\/v2\/product_brand?post=621421"},{"taxonomy":"product_cat","embeddable":true,"href":"https:\/\/lucacastelli.com\/fr\/wp-json\/wp\/v2\/product_cat?post=621421"},{"taxonomy":"product_tag","embeddable":true,"href":"https:\/\/lucacastelli.com\/fr\/wp-json\/wp\/v2\/product_tag?post=621421"}],"curies":[{"name":"wp","href":"https:\/\/api.w.org\/{rel}","templated":true}]}}