{"id":621404,"date":"2025-08-09T19:32:39","date_gmt":"2025-08-09T17:32:39","guid":{"rendered":"https:\/\/lucacastelli.com\/prodotto\/milwaukee-pince-a-double-point-dappui-2\/"},"modified":"2025-08-09T19:32:39","modified_gmt":"2025-08-09T17:32:39","slug":"milwaukee-pince-a-double-point-dappui-2","status":"publish","type":"product","link":"https:\/\/lucacastelli.com\/fr\/produit\/milwaukee-pince-a-double-point-dappui-2\/","title":{"rendered":"Milwaukee Pince \u00e0 double point d&#8217;appui"},"content":{"rendered":"<p>PINCE \u00c0 DOUBLE JOINT LONG INCLINAISON<br \/>\nPoign\u00e9es transversales \u00e0 angle large pour une meilleure port\u00e9e dans les espaces restreints ; diff\u00e9rentes zones de pr\u00e9hension pour saisir une grande vari\u00e9t\u00e9 de mat\u00e9riaux tels que les vis, les c\u00e2bles et les pi\u00e8ces rondes ; une seule articulation pour plus de contr\u00f4le et une meilleure prise que l&#8217;articulation double ; conception de l&#8217;extr\u00e9mit\u00e9 \u00e0 prise \u00e9lev\u00e9e, pour maintenir le contr\u00f4le lors de la prise et de la torsion.<\/p>\n<p>4932492498<br \/>\n4058546418656<\/p>\n","protected":false},"excerpt":{"rendered":"<p>PINCE \u00c0 DOUBLE FULCRUM BECS LONGS INCL.<\/p>\n","protected":false},"featured_media":556903,"template":"","meta":{"_seopress_robots_primary_cat":"","_seopress_titles_title":"","_seopress_titles_desc":"","_seopress_robots_index":""},"product_brand":[3407],"product_cat":[5416,33],"product_tag":[3270],"class_list":{"0":"post-621404","1":"product","2":"type-product","3":"status-publish","4":"has-post-thumbnail","6":"product_brand-milwaukee","7":"product_cat-utensili-per-officina","8":"product_cat-attrezzature","9":"product_tag-import-milwau","10":"sws-conto-ricavi-merci-rivendita-macchinari-fr","11":"sws-gruppo-iva-iva81-fr","13":"first","14":"onbackorder","15":"sale","16":"shipping-taxable","17":"purchasable","18":"product-type-simple"},"_links":{"self":[{"href":"https:\/\/lucacastelli.com\/fr\/wp-json\/wp\/v2\/product\/621404","targetHints":{"allow":["GET"]}}],"collection":[{"href":"https:\/\/lucacastelli.com\/fr\/wp-json\/wp\/v2\/product"}],"about":[{"href":"https:\/\/lucacastelli.com\/fr\/wp-json\/wp\/v2\/types\/product"}],"wp:featuredmedia":[{"embeddable":true,"href":"https:\/\/lucacastelli.com\/fr\/wp-json\/wp\/v2\/media\/556903"}],"wp:attachment":[{"href":"https:\/\/lucacastelli.com\/fr\/wp-json\/wp\/v2\/media?parent=621404"}],"wp:term":[{"taxonomy":"product_brand","embeddable":true,"href":"https:\/\/lucacastelli.com\/fr\/wp-json\/wp\/v2\/product_brand?post=621404"},{"taxonomy":"product_cat","embeddable":true,"href":"https:\/\/lucacastelli.com\/fr\/wp-json\/wp\/v2\/product_cat?post=621404"},{"taxonomy":"product_tag","embeddable":true,"href":"https:\/\/lucacastelli.com\/fr\/wp-json\/wp\/v2\/product_tag?post=621404"}],"curies":[{"name":"wp","href":"https:\/\/api.w.org\/{rel}","templated":true}]}}