{"id":621399,"date":"2025-08-09T19:32:40","date_gmt":"2025-08-09T17:32:40","guid":{"rendered":"https:\/\/lucacastelli.com\/prodotto\/pince-universelle-milwaukee-3\/"},"modified":"2025-08-09T19:32:40","modified_gmt":"2025-08-09T17:32:40","slug":"pince-universelle-milwaukee-3","status":"publish","type":"product","link":"https:\/\/lucacastelli.com\/fr\/produit\/pince-universelle-milwaukee-3\/","title":{"rendered":"Pince universelle Milwaukee"},"content":{"rendered":"<p>PLIER UNIVERSEL 165 mm<br \/>\nExcellent effet de levier pour un travail facile et sans effort;Extracteur de vis int\u00e9gr\u00e9 pour les vis (M8 &#8211; M10);Bords de la t\u00eate arrondis;Conception de la t\u00eate non r\u00e9fl\u00e9chissante et r\u00e9sistance maximale \u00e0 la corrosion;Poign\u00e9e bimati\u00e8re souple pour une prise en main confortable ;Le mat\u00e9riau de l&#8217;extr\u00e9mit\u00e9 emp\u00eache la perte de prise;Les pointes avec des surfaces int\u00e9rieures molet\u00e9es et un creux dent\u00e9 permettent de plier les mat\u00e9riaux plats et courb\u00e9s et de couper les fils souples et durs;Trou pour cordon d&#8217;attache<\/p>\n<p>4932492461<br \/>\n4058546418281<\/p>\n","protected":false},"excerpt":{"rendered":"<p>CALIBRE UNIVERSEL 165 mm<\/p>\n","protected":false},"featured_media":556643,"template":"","meta":{"_seopress_robots_primary_cat":"","_seopress_titles_title":"","_seopress_titles_desc":"","_seopress_robots_index":""},"product_brand":[3407],"product_cat":[5416,33],"product_tag":[3270],"class_list":{"0":"post-621399","1":"product","2":"type-product","3":"status-publish","4":"has-post-thumbnail","6":"product_brand-milwaukee","7":"product_cat-utensili-per-officina","8":"product_cat-attrezzature","9":"product_tag-import-milwau","10":"sws-conto-ricavi-merci-rivendita-macchinari-fr","11":"sws-gruppo-iva-iva81-fr","13":"first","14":"onbackorder","15":"sale","16":"shipping-taxable","17":"purchasable","18":"product-type-simple"},"_links":{"self":[{"href":"https:\/\/lucacastelli.com\/fr\/wp-json\/wp\/v2\/product\/621399","targetHints":{"allow":["GET"]}}],"collection":[{"href":"https:\/\/lucacastelli.com\/fr\/wp-json\/wp\/v2\/product"}],"about":[{"href":"https:\/\/lucacastelli.com\/fr\/wp-json\/wp\/v2\/types\/product"}],"wp:featuredmedia":[{"embeddable":true,"href":"https:\/\/lucacastelli.com\/fr\/wp-json\/wp\/v2\/media\/556643"}],"wp:attachment":[{"href":"https:\/\/lucacastelli.com\/fr\/wp-json\/wp\/v2\/media?parent=621399"}],"wp:term":[{"taxonomy":"product_brand","embeddable":true,"href":"https:\/\/lucacastelli.com\/fr\/wp-json\/wp\/v2\/product_brand?post=621399"},{"taxonomy":"product_cat","embeddable":true,"href":"https:\/\/lucacastelli.com\/fr\/wp-json\/wp\/v2\/product_cat?post=621399"},{"taxonomy":"product_tag","embeddable":true,"href":"https:\/\/lucacastelli.com\/fr\/wp-json\/wp\/v2\/product_tag?post=621399"}],"curies":[{"name":"wp","href":"https:\/\/api.w.org\/{rel}","templated":true}]}}