{"id":621380,"date":"2025-08-09T19:32:29","date_gmt":"2025-08-09T17:32:29","guid":{"rendered":"https:\/\/lucacastelli.com\/prodotto\/milwaukee-pinces-en-c-autobloquantes\/"},"modified":"2025-08-09T19:32:29","modified_gmt":"2025-08-09T17:32:29","slug":"milwaukee-pinces-en-c-autobloquantes","status":"publish","type":"product","link":"https:\/\/lucacastelli.com\/fr\/produit\/milwaukee-pinces-en-c-autobloquantes\/","title":{"rendered":"Milwaukee Pinces en C autobloquantes"},"content":{"rendered":"<p>PINCE AUTOBLOQUANTE . GAN FIXED 6 pol\/152 mm<br \/>\nTORQUE LOCK \u2122 pinces en C autobloquantes : installation rapide et facile sur les surfaces plates et rondes. Il est possible d&#8217;appliquer une force suppl\u00e9mentaire. Peut \u00e9galement \u00eatre utilis\u00e9 pour suspendre et stocker du mat\u00e9riel;M\u00e2choires tremp\u00e9es pour une meilleure prise et un meilleur maintien du mat\u00e9riel;Protection contre la rouille : le chromage augmente la durabilit\u00e9 en r\u00e9duisant la corrosion;Conception traditionnelle du levier.   <\/p>\n<p>4932493617<br \/>\n4058546484880<\/p>\n","protected":false},"excerpt":{"rendered":"<p>PINCE AUTOBLOC GAN FIXE 6 pol\/152 mm <\/p>\n","protected":false},"featured_media":539701,"template":"","meta":{"_seopress_robots_primary_cat":"","_seopress_titles_title":"","_seopress_titles_desc":"","_seopress_robots_index":""},"product_brand":[3407],"product_cat":[5416,33],"product_tag":[3270],"class_list":{"0":"post-621380","1":"product","2":"type-product","3":"status-publish","4":"has-post-thumbnail","6":"product_brand-milwaukee","7":"product_cat-utensili-per-officina","8":"product_cat-attrezzature","9":"product_tag-import-milwau","10":"sws-conto-ricavi-merci-rivendita-macchinari-fr","11":"sws-gruppo-iva-iva81-fr","13":"first","14":"onbackorder","15":"sale","16":"shipping-taxable","17":"purchasable","18":"product-type-simple"},"_links":{"self":[{"href":"https:\/\/lucacastelli.com\/fr\/wp-json\/wp\/v2\/product\/621380","targetHints":{"allow":["GET"]}}],"collection":[{"href":"https:\/\/lucacastelli.com\/fr\/wp-json\/wp\/v2\/product"}],"about":[{"href":"https:\/\/lucacastelli.com\/fr\/wp-json\/wp\/v2\/types\/product"}],"wp:featuredmedia":[{"embeddable":true,"href":"https:\/\/lucacastelli.com\/fr\/wp-json\/wp\/v2\/media\/539701"}],"wp:attachment":[{"href":"https:\/\/lucacastelli.com\/fr\/wp-json\/wp\/v2\/media?parent=621380"}],"wp:term":[{"taxonomy":"product_brand","embeddable":true,"href":"https:\/\/lucacastelli.com\/fr\/wp-json\/wp\/v2\/product_brand?post=621380"},{"taxonomy":"product_cat","embeddable":true,"href":"https:\/\/lucacastelli.com\/fr\/wp-json\/wp\/v2\/product_cat?post=621380"},{"taxonomy":"product_tag","embeddable":true,"href":"https:\/\/lucacastelli.com\/fr\/wp-json\/wp\/v2\/product_tag?post=621380"}],"curies":[{"name":"wp","href":"https:\/\/api.w.org\/{rel}","templated":true}]}}