{"id":621369,"date":"2025-08-19T10:31:23","date_gmt":"2025-08-19T08:31:23","guid":{"rendered":"https:\/\/lucacastelli.com\/prodotto\/protos-gilet-inuit-kid-4\/"},"modified":"2026-04-14T04:10:35","modified_gmt":"2026-04-14T02:10:35","slug":"protos-gilet-inuit-kid-4","status":"publish","type":"product","link":"https:\/\/lucacastelli.com\/fr\/produit\/protos-gilet-inuit-kid-4\/","title":{"rendered":"Protos\u00ae Inuit Teddy Gilet Enfant"},"content":{"rendered":"<p>Le gilet PROTOS\u00ae Inuit Teddy Enfant est r\u00e9alis\u00e9 en tricot lisse avec fonction anti-salissure. L&#8217;int\u00e9rieur du gilet est dot\u00e9 d&#8217;une douce fourrure thermique hautement respirante et perm\u00e9able \u00e0 l&#8217;air. Des deux c\u00f4t\u00e9s se trouvent le syst\u00e8me de poches brevet\u00e9 Zipp2Zipp\u00ae, des poches lat\u00e9rales et des poches int\u00e9rieures extra profondes. Fermeture \u00e9clair lat\u00e9rale pour un ajustement flexible et fonctionnel. Le col haut et doux ainsi que la partie arri\u00e8re allong\u00e9e prot\u00e8gent le cou et la zone lombaire du vent et du froid.<br \/>\n-Syst\u00e8me de poches Zipp2Zipp\u00ae<br \/>\n-Gilet en tricot hautement \u00e9lastique et r\u00e9sistant aux salissures<br \/>\n-Fourrure thermique douce et moelleuse, col haut doubl\u00e9<br \/>\n-Rembourrage PrimaLoft\u00ae Gold dans la zone des \u00e9paules avant<br \/>\n-3CON\u00ae r\u00e9fl\u00e9chissant au dos<br \/>\n-Syst\u00e8me Zipp4Fit\u00ae    <\/p>\n<p>Mati\u00e8re : 100 % polyester<br \/>\nTailles : S (92\/104), M (116\/128), L (140\/152) Taille flexible gr\u00e2ce au syst\u00e8me Zipp4Fit\u00ae (circonf\u00e9rence variable)<\/p>\n","protected":false},"excerpt":{"rendered":"<p>Le gilet PROTOS\u00ae Inuit Teddy Enfant est r\u00e9alis\u00e9 en tricot lisse avec fonction anti-salissure. L&#8217;int\u00e9rieur du gilet est dot\u00e9 d&#8217;une<\/p>\n","protected":false},"featured_media":619104,"template":"","meta":{"_seopress_robots_primary_cat":"none","_seopress_titles_title":"","_seopress_titles_desc":"","_seopress_robots_index":""},"product_brand":[3669,4722],"product_cat":[81,981,1384],"product_tag":[],"class_list":{"0":"post-621369","1":"product","2":"type-product","3":"status-publish","4":"has-post-thumbnail","6":"product_brand-pfanner-fr","7":"product_brand-protos-fr","8":"product_cat-vetements","9":"product_cat-vetements-de-loisirs","10":"product_cat-vetements-pour-enfants","11":"sws-gruppo-no-gruppo-fr","12":"sws-categoria-sito-fr","13":"sws-conto-ricavi-merci-rivendita-abbigliamento-fr","14":"sws-gruppo-iva-iva81-fr","16":"first","17":"instock","18":"shipping-taxable","19":"purchasable","20":"product-type-variable","21":"has-default-attributes"},"_links":{"self":[{"href":"https:\/\/lucacastelli.com\/fr\/wp-json\/wp\/v2\/product\/621369","targetHints":{"allow":["GET"]}}],"collection":[{"href":"https:\/\/lucacastelli.com\/fr\/wp-json\/wp\/v2\/product"}],"about":[{"href":"https:\/\/lucacastelli.com\/fr\/wp-json\/wp\/v2\/types\/product"}],"wp:featuredmedia":[{"embeddable":true,"href":"https:\/\/lucacastelli.com\/fr\/wp-json\/wp\/v2\/media\/619104"}],"wp:attachment":[{"href":"https:\/\/lucacastelli.com\/fr\/wp-json\/wp\/v2\/media?parent=621369"}],"wp:term":[{"taxonomy":"product_brand","embeddable":true,"href":"https:\/\/lucacastelli.com\/fr\/wp-json\/wp\/v2\/product_brand?post=621369"},{"taxonomy":"product_cat","embeddable":true,"href":"https:\/\/lucacastelli.com\/fr\/wp-json\/wp\/v2\/product_cat?post=621369"},{"taxonomy":"product_tag","embeddable":true,"href":"https:\/\/lucacastelli.com\/fr\/wp-json\/wp\/v2\/product_tag?post=621369"}],"curies":[{"name":"wp","href":"https:\/\/api.w.org\/{rel}","templated":true}]}}