{"id":621094,"date":"2025-08-20T13:30:00","date_gmt":"2025-08-20T11:30:00","guid":{"rendered":"https:\/\/lucacastelli.com\/?post_type=product&#038;p=621094"},"modified":"2026-04-14T04:08:56","modified_gmt":"2026-04-14T02:08:56","slug":"canvas-pfanner-en-20471-jaune-fluo-copia-copia-3","status":"publish","type":"product","link":"https:\/\/lucacastelli.com\/fr\/produit\/canvas-pfanner-en-20471-jaune-fluo-copia-copia-3\/","title":{"rendered":"Pantalon PFANNER Canvas"},"content":{"rendered":"<p>Les pantalons StretchZone\u00ae Canvas sont parfaits pour une utilisation quotidienne au travail. La technologie StretchZone\u00ae garantit une tenue optimale et une respirabilit\u00e9 maximale lors de toutes les activit\u00e9s. Les poches sont positionn\u00e9es de mani\u00e8re strat\u00e9gique pour l\u2019usage quotidien et incluent une poche triple sp\u00e9ciale pour m\u00e8tre pliant, offrant de l\u2019espace pour tous les outils. Les pantalons StretchZone\u00ae Canvas sont \u00e9galement disponibles en version short.<br \/>\n-Technologie StretchZone\u00ae<br \/>\n-Libert\u00e9 de mouvement maximale<br \/>\n-Renfort Gladiator\u00ae aux genoux<br \/>\n-Poche au genou avec ouverture velcro pour genouill\u00e8res<br \/>\n-Poche triple pour m\u00e8tre ruban<br \/>\n-Gousset ind\u00e9chirable<br \/>\n-Int\u00e9rieur en flanelle<br \/>\n-Bandes r\u00e9fl\u00e9chissantes<br \/>\n-Ceinture \u00e9lastique continue<br \/>\n-Version courte disponible sur demande   <\/p>\n<p>Mat\u00e9riau<br \/>\nCanvas : 65 % PES, 35 % coton<br \/>\nTissu extensible : 90 % polyamide, 10 % \u00e9lasthanne<br \/>\nTailles<br \/>\nLes pantalons StretchZone\u00ae Canvas sont dot\u00e9s d\u2019un syst\u00e8me de rallonge de +5 cm<br \/>\nVersion courte disponible sur demande<\/p>\n","protected":false},"excerpt":{"rendered":"<p>Les pantalons StretchZone\u00ae Canvas sont parfaits pour une utilisation quotidienne au travail. La technologie StretchZone\u00ae garantit une tenue optimale et<\/p>\n","protected":false},"featured_media":620899,"template":"","meta":{"_seopress_robots_primary_cat":"none","_seopress_titles_title":"","_seopress_titles_desc":"","_seopress_robots_index":""},"product_brand":[3458],"product_cat":[21,284],"product_tag":[],"class_list":{"0":"post-621094","1":"product","2":"type-product","3":"status-publish","4":"has-post-thumbnail","6":"product_brand-pfanner","7":"product_cat-abbigliamento","8":"product_cat-abbigliamento-da-lavoro","9":"sws-gruppo-no-gruppo-fr","10":"sws-conto-ricavi-merci-rivendita-abbigliamento-fr","11":"sws-gruppo-iva-iva81-fr","13":"first","14":"instock","15":"shipping-taxable","16":"purchasable","17":"product-type-variable","18":"has-default-attributes"},"_links":{"self":[{"href":"https:\/\/lucacastelli.com\/fr\/wp-json\/wp\/v2\/product\/621094","targetHints":{"allow":["GET"]}}],"collection":[{"href":"https:\/\/lucacastelli.com\/fr\/wp-json\/wp\/v2\/product"}],"about":[{"href":"https:\/\/lucacastelli.com\/fr\/wp-json\/wp\/v2\/types\/product"}],"wp:featuredmedia":[{"embeddable":true,"href":"https:\/\/lucacastelli.com\/fr\/wp-json\/wp\/v2\/media\/620899"}],"wp:attachment":[{"href":"https:\/\/lucacastelli.com\/fr\/wp-json\/wp\/v2\/media?parent=621094"}],"wp:term":[{"taxonomy":"product_brand","embeddable":true,"href":"https:\/\/lucacastelli.com\/fr\/wp-json\/wp\/v2\/product_brand?post=621094"},{"taxonomy":"product_cat","embeddable":true,"href":"https:\/\/lucacastelli.com\/fr\/wp-json\/wp\/v2\/product_cat?post=621094"},{"taxonomy":"product_tag","embeddable":true,"href":"https:\/\/lucacastelli.com\/fr\/wp-json\/wp\/v2\/product_tag?post=621094"}],"curies":[{"name":"wp","href":"https:\/\/api.w.org\/{rel}","templated":true}]}}