{"id":620731,"date":"2025-08-20T01:13:57","date_gmt":"2025-08-19T23:13:57","guid":{"rendered":"https:\/\/lucacastelli.com\/?post_type=product&#038;p=620731"},"modified":"2026-04-14T04:14:27","modified_gmt":"2026-04-14T02:14:27","slug":"gilet-thermique-protos-copia-copia-copia","status":"publish","type":"product","link":"https:\/\/lucacastelli.com\/fr\/produit\/gilet-thermique-protos-copia-copia-copia\/","title":{"rendered":"PFANNER Nanoshield\u00ae Pantalon imperm\u00e9able EVO"},"content":{"rendered":"<p>Le pantalon de pluie Nanoshield\u00ae EVO est absolument imperm\u00e9able avec une colonne d\u2019eau sup\u00e9rieure \u00e0 20 000 mm. Avec ses poches pour m\u00e8tre et t\u00e9l\u00e9phone portable, sa fermeture \u00e9clair et sa taille ajustable, c\u2019est un pantalon de travail complet. Les fermetures \u00e9clair lat\u00e9rales remontant au-dessus du genou facilitent l\u2019enfilage avec des chaussures. Sur le pantalon de pluie Nanoshield\u00ae EVO, nous n\u2019avons pas renonc\u00e9 aux passants de ceinture ni aux attaches pour bretelles. Les mod\u00e8les jaune n\u00e9on et orange sont \u00e9galement conformes \u00e0 la norme EN 20471 \/ Classe 2.<br \/>\nLe marquage 3CON\u00ae Reflex est imprim\u00e9 sur la jambe pour une meilleure visibilit\u00e9.<br \/>\nRemarque :<br \/>\nne convient pas aux travaux en pr\u00e9sence d\u2019\u00e9pines. En cas d\u2019utilisation avec des \u00e9pines, la membrane est perfor\u00e9e et le pantalon perd son imperm\u00e9abilit\u00e9.<br \/>\n&#8211; Membrane Sympatex<br \/>\n&#8211; Fermeture \u00e9clair imperm\u00e9able<br \/>\n&#8211; Poches lat\u00e9rales imperm\u00e9ables<br \/>\n&#8211; Renfort en Cordura aux genoux<br \/>\n&#8211; Passants de ceinture et attaches pour bretelles<br \/>\n&#8211; Colonne d\u2019eau 20 000 mm<br \/>\n&#8211; Poche pour m\u00e8tre et t\u00e9l\u00e9phone portable<br \/>\n&#8211; Fermeture \u00e0 la taille<br \/>\n&#8211; 3CON\u00ae r\u00e9fl\u00e9chissant<br \/>\n&#8211; Couleur de signalisation certifi\u00e9e EN 20471 Classe 2<br \/>\n&#8211; 100 % recyclable<br \/>\n&#8211; Avec fermeture \u00e9clair lat\u00e9rale prolong\u00e9e pour faciliter l\u2019enfilage    <\/p>\n<p>Mati\u00e8re : 100 % polyester<br \/>\nNormes :<br \/>\nEN 20471 \/ Classe 2 (jaune n\u00e9on, orange avec r\u00e9fl\u00e9chissant)<\/p>\n","protected":false},"excerpt":{"rendered":"<p>Le pantalon de pluie Nanoshield\u00ae EVO est absolument imperm\u00e9able avec une colonne d\u2019eau sup\u00e9rieure \u00e0 20 000 mm. Avec ses<\/p>\n","protected":false},"featured_media":620083,"template":"","meta":{"_seopress_robots_primary_cat":"none","_seopress_titles_title":"","_seopress_titles_desc":"","_seopress_robots_index":""},"product_brand":[3458],"product_cat":[21,284],"product_tag":[],"class_list":{"0":"post-620731","1":"product","2":"type-product","3":"status-publish","4":"has-post-thumbnail","6":"product_brand-pfanner","7":"product_cat-abbigliamento","8":"product_cat-abbigliamento-da-lavoro","9":"sws-gruppo-no-gruppo-fr","10":"sws-categoria-sito-fr","11":"sws-conto-ricavi-merci-rivendita-abbigliamento-fr","12":"sws-gruppo-iva-iva81-fr","14":"first","15":"instock","16":"shipping-taxable","17":"purchasable","18":"product-type-variable","19":"has-default-attributes"},"_links":{"self":[{"href":"https:\/\/lucacastelli.com\/fr\/wp-json\/wp\/v2\/product\/620731","targetHints":{"allow":["GET"]}}],"collection":[{"href":"https:\/\/lucacastelli.com\/fr\/wp-json\/wp\/v2\/product"}],"about":[{"href":"https:\/\/lucacastelli.com\/fr\/wp-json\/wp\/v2\/types\/product"}],"wp:featuredmedia":[{"embeddable":true,"href":"https:\/\/lucacastelli.com\/fr\/wp-json\/wp\/v2\/media\/620083"}],"wp:attachment":[{"href":"https:\/\/lucacastelli.com\/fr\/wp-json\/wp\/v2\/media?parent=620731"}],"wp:term":[{"taxonomy":"product_brand","embeddable":true,"href":"https:\/\/lucacastelli.com\/fr\/wp-json\/wp\/v2\/product_brand?post=620731"},{"taxonomy":"product_cat","embeddable":true,"href":"https:\/\/lucacastelli.com\/fr\/wp-json\/wp\/v2\/product_cat?post=620731"},{"taxonomy":"product_tag","embeddable":true,"href":"https:\/\/lucacastelli.com\/fr\/wp-json\/wp\/v2\/product_tag?post=620731"}],"curies":[{"name":"wp","href":"https:\/\/api.w.org\/{rel}","templated":true}]}}