{"id":620340,"date":"2025-08-19T10:16:59","date_gmt":"2025-08-19T08:16:59","guid":{"rendered":"https:\/\/lucacastelli.com\/prodotto\/veste-protos-inuit-kids\/"},"modified":"2026-04-14T04:08:19","modified_gmt":"2026-04-14T02:08:19","slug":"veste-protos-inuit-kids","status":"publish","type":"product","link":"https:\/\/lucacastelli.com\/fr\/produit\/veste-protos-inuit-kids\/","title":{"rendered":"Protos\u00ae Inuit Veste Kids"},"content":{"rendered":"<p>L&#8217;ext\u00e9rieur de la veste Protos\u00ae Inuit Kids est tricot\u00e9 lisse et prot\u00e9g\u00e9 contre la salet\u00e9 gr\u00e2ce \u00e0 un traitement imperm\u00e9abilisant. Les renforts en softshell sur les \u00e9paules, les coudes et le bas de la veste prot\u00e8gent ces zones du vent et de l&#8217;humidit\u00e9.<br \/>\nLe col est tr\u00e8s haut et garantit ainsi une excellente isolation thermique au niveau du cou. Gr\u00e2ce \u00e0 la texture particuli\u00e8rement \u00e9paisse, le tissu retient l&#8217;air \u00e0 l&#8217;int\u00e9rieur du mat\u00e9riau, assurant ainsi une excellente isolation thermique.<br \/>\n-Tailles : S (92\/104), M (116\/128), L (140\/152)<br \/>\n-Tissu tricot\u00e9 robuste et r\u00e9sistant \u00e0 la salet\u00e9<br \/>\n-Int\u00e9rieur en flanelle douce<br \/>\n-Renforts hydrofuges sur les \u00e9paules<br \/>\n-Coudes r\u00e9sistants \u00e0 l&#8217;abrasion<br \/>\n-Col haut et partie arri\u00e8re allong\u00e9e<br \/>\n-3CON\u00ae r\u00e9fl\u00e9chissant dans le dos<br \/>\n-Poches int\u00e9rieures extra profondes<br \/>\n-Syst\u00e8me Zipp4Fit\u00ae <\/p>\n<p>Mati\u00e8re : 100 % polyester<br \/>\nTailles : S (92\/104), M (116\/128), L (140\/152) Taille flexible gr\u00e2ce au syst\u00e8me Zipp4Fit\u00ae (circonf\u00e9rence variable)<\/p>\n","protected":false},"excerpt":{"rendered":"<p>L&#8217;ext\u00e9rieur de la veste Protos\u00ae Inuit Kids est tricot\u00e9 lisse et prot\u00e9g\u00e9 contre la salet\u00e9 gr\u00e2ce \u00e0 un traitement imperm\u00e9abilisant.<\/p>\n","protected":false},"featured_media":619085,"template":"","meta":{"_seopress_robots_primary_cat":"none","_seopress_titles_title":"","_seopress_titles_desc":"","_seopress_robots_index":""},"product_brand":[3458,4381],"product_cat":[21,189,685],"product_tag":[],"class_list":{"0":"post-620340","1":"product","2":"type-product","3":"status-publish","4":"has-post-thumbnail","6":"product_brand-pfanner","7":"product_brand-protos","8":"product_cat-abbigliamento","9":"product_cat-abbigliamento-per-il-tempo-libero","10":"product_cat-abbigliamento-da-bambino","11":"sws-gruppo-no-gruppo-fr","12":"sws-conto-ricavi-merci-rivendita-abbigliamento-fr","13":"sws-gruppo-iva-iva81-fr","15":"first","16":"instock","17":"shipping-taxable","18":"purchasable","19":"product-type-variable","20":"has-default-attributes"},"_links":{"self":[{"href":"https:\/\/lucacastelli.com\/fr\/wp-json\/wp\/v2\/product\/620340","targetHints":{"allow":["GET"]}}],"collection":[{"href":"https:\/\/lucacastelli.com\/fr\/wp-json\/wp\/v2\/product"}],"about":[{"href":"https:\/\/lucacastelli.com\/fr\/wp-json\/wp\/v2\/types\/product"}],"wp:featuredmedia":[{"embeddable":true,"href":"https:\/\/lucacastelli.com\/fr\/wp-json\/wp\/v2\/media\/619085"}],"wp:attachment":[{"href":"https:\/\/lucacastelli.com\/fr\/wp-json\/wp\/v2\/media?parent=620340"}],"wp:term":[{"taxonomy":"product_brand","embeddable":true,"href":"https:\/\/lucacastelli.com\/fr\/wp-json\/wp\/v2\/product_brand?post=620340"},{"taxonomy":"product_cat","embeddable":true,"href":"https:\/\/lucacastelli.com\/fr\/wp-json\/wp\/v2\/product_cat?post=620340"},{"taxonomy":"product_tag","embeddable":true,"href":"https:\/\/lucacastelli.com\/fr\/wp-json\/wp\/v2\/product_tag?post=620340"}],"curies":[{"name":"wp","href":"https:\/\/api.w.org\/{rel}","templated":true}]}}