{"id":618959,"date":"2025-08-19T09:58:51","date_gmt":"2025-08-19T07:58:51","guid":{"rendered":"https:\/\/lucacastelli.com\/?post_type=product&#038;p=618959"},"modified":"2026-04-14T04:15:55","modified_gmt":"2026-04-14T02:15:55","slug":"veste-protos-inuit-copia-copia-copia-copia-copia-copia-copia-copia-copia-copia-copia","status":"publish","type":"product","link":"https:\/\/lucacastelli.com\/fr\/produit\/veste-protos-inuit-copia-copia-copia-copia-copia-copia-copia-copia-copia-copia-copia\/","title":{"rendered":"PFANNER Husky Shirt"},"content":{"rendered":"<p>Les excellentes propri\u00e9t\u00e9s isolantes et la douce micro-polaire rendent ce maillot parfait \u00e0 porter entre la peau et la veste. L&#8217;\u00e9lasticit\u00e9 du mat\u00e9riau permet des mouvements extr\u00eames sans aucune limitation. Il est \u00e9galement tr\u00e8s l\u00e9ger et dot\u00e9 d&#8217;un col montant avec protection du menton. Convient aussi bien pour le sport que pour le travail.<br \/>\nLe col montant prot\u00e8ge non seulement le cou et la nuque du froid, mais emp\u00eache \u00e9galement l&#8217;entr\u00e9e de salet\u00e9s et de petits objets. Le maillot Husky a \u00e9t\u00e9 encore am\u00e9lior\u00e9 avec la technologie 37.5 Cocona. 37.5 fait r\u00e9f\u00e9rence \u00e0 la temp\u00e9rature corporelle constante de 37,5\u00b0 lors d&#8217;efforts physiques intenses. Ce maillot fonctionnel est parfait pour la chasse, la sylviculture et les activit\u00e9s en plein air.<br \/>\n-Technologie StretchAIR\u00ae<br \/>\n-Technologie 37.5 Cocona<br \/>\n-Col montant avec protection du menton<br \/>\n-Solidit\u00e9 \u00e9lev\u00e9e de la couleur<br \/>\n-Ne gratte pas, tr\u00e8s doux sur la peau<br \/>\n-Doux et agr\u00e9able au toucher<br \/>\n-Facile \u00e0 laver<br \/>\n-Tr\u00e8s l\u00e9ger<br \/>\n-Poche poitrine avec fermeture Zipp2Zipp\u00ae dans la version rouge\/jaune      <\/p>\n<p>&nbsp;<\/p>\n<p>Mati\u00e8re : 100 % polyester<\/p>\n<p>&nbsp;<\/p>\n","protected":false},"excerpt":{"rendered":"<p>Les excellentes propri\u00e9t\u00e9s isolantes et la douce micro-polaire rendent ce maillot parfait \u00e0 porter entre la peau et la veste.<\/p>\n","protected":false},"featured_media":618793,"template":"","meta":{"_seopress_robots_primary_cat":"none","_seopress_titles_title":"","_seopress_titles_desc":"","_seopress_robots_index":""},"product_brand":[3669],"product_cat":[81,981,1381,982],"product_tag":[],"class_list":{"0":"post-618959","1":"product","2":"type-product","3":"status-publish","4":"has-post-thumbnail","6":"product_brand-pfanner-fr","7":"product_cat-vetements","8":"product_cat-vetements-de-loisirs","9":"product_cat-vetements-de-travail","10":"product_cat-vetements-pour-hommes","11":"sws-gruppo-no-gruppo-fr","12":"sws-conto-ricavi-merci-rivendita-abbigliamento-fr","13":"sws-gruppo-iva-iva81-fr","15":"first","16":"instock","17":"shipping-taxable","18":"purchasable","19":"product-type-variable","20":"has-default-attributes"},"_links":{"self":[{"href":"https:\/\/lucacastelli.com\/fr\/wp-json\/wp\/v2\/product\/618959","targetHints":{"allow":["GET"]}}],"collection":[{"href":"https:\/\/lucacastelli.com\/fr\/wp-json\/wp\/v2\/product"}],"about":[{"href":"https:\/\/lucacastelli.com\/fr\/wp-json\/wp\/v2\/types\/product"}],"wp:featuredmedia":[{"embeddable":true,"href":"https:\/\/lucacastelli.com\/fr\/wp-json\/wp\/v2\/media\/618793"}],"wp:attachment":[{"href":"https:\/\/lucacastelli.com\/fr\/wp-json\/wp\/v2\/media?parent=618959"}],"wp:term":[{"taxonomy":"product_brand","embeddable":true,"href":"https:\/\/lucacastelli.com\/fr\/wp-json\/wp\/v2\/product_brand?post=618959"},{"taxonomy":"product_cat","embeddable":true,"href":"https:\/\/lucacastelli.com\/fr\/wp-json\/wp\/v2\/product_cat?post=618959"},{"taxonomy":"product_tag","embeddable":true,"href":"https:\/\/lucacastelli.com\/fr\/wp-json\/wp\/v2\/product_tag?post=618959"}],"curies":[{"name":"wp","href":"https:\/\/api.w.org\/{rel}","templated":true}]}}