{"id":618636,"date":"2025-08-19T09:31:29","date_gmt":"2025-08-19T07:31:29","guid":{"rendered":"https:\/\/lucacastelli.com\/?post_type=product&#038;p=618636"},"modified":"2026-04-14T04:16:47","modified_gmt":"2026-04-14T02:16:47","slug":"veste-protos-inuit-copia-copia-copia-copia-copia-copia-copia-copia-copia-2","status":"publish","type":"product","link":"https:\/\/lucacastelli.com\/fr\/produit\/veste-protos-inuit-copia-copia-copia-copia-copia-copia-copia-copia-copia-2\/","title":{"rendered":"PFANNER Zipp-Neck maillot \u00e0 manches longues"},"content":{"rendered":"<p>Le maillot \u00e0 manches longues Zipp-Neck offre une libert\u00e9 de mouvement illimit\u00e9e et une respirabilit\u00e9 gr\u00e2ce \u00e0 la technologie StretchAIR\u00ae pour un confort maximal. 37.5 repr\u00e9sente la temp\u00e9rature corporelle constante de 37,5 \u00b0C, m\u00eame lors des performances physiques les plus intenses. Le tissu \u00e9vacue imm\u00e9diatement l&#8217;humidit\u00e9 et la chaleur exc\u00e9dentaires et maintient la temp\u00e9rature corporelle constante. Les particules odorantes sont emprisonn\u00e9es et lib\u00e9r\u00e9es uniquement lors du lavage. Le mat\u00e9riau est inodore et tr\u00e8s facile \u00e0 laver. La version rouge\/jaune n\u00e9on est r\u00e9alis\u00e9e avec poche poitrine Zipp2Zipp\u00ae. Le maillot Zipp-Neck est \u00e9galement disponible dans les coloris de s\u00e9curit\u00e9 orange et orange\/jaune. Ce maillot fonctionnel est parfait pour la chasse, la sylviculture et les activit\u00e9s en plein air.<br \/>\n&#8211; Technologie Cocona -37,5<br \/>\n&#8211; Technologie StretchAIR\u00ae<br \/>\n&#8211; Gestion des odeurs et de l&#8217;humidit\u00e9<br \/>\n&#8211; Poids r\u00e9duit<br \/>\n&#8211; Hautement \u00e9lastique<br \/>\n&#8211; Inodore<br \/>\n&#8211; Solidit\u00e9 de la couleur \u00e0 100%<br \/>\n&#8211; Tr\u00e8s r\u00e9sistant pour l&#8217;usage quotidien<br \/>\n&#8211; Poche poitrine Zipp2Zipp\u00ae (uniquement version rouge\/jaune n\u00e9on)       <\/p>\n<p>Mati\u00e8re : 100% polyester Cocona<\/p>\n","protected":false},"excerpt":{"rendered":"<p>Le maillot \u00e0 manches longues Zipp-Neck offre une libert\u00e9 de mouvement illimit\u00e9e et une respirabilit\u00e9 gr\u00e2ce \u00e0 la technologie StretchAIR\u00ae<\/p>\n","protected":false},"featured_media":618586,"template":"","meta":{"_seopress_robots_primary_cat":"none","_seopress_titles_title":"","_seopress_titles_desc":"","_seopress_robots_index":""},"product_brand":[3458],"product_cat":[21,284,189,190],"product_tag":[],"class_list":{"0":"post-618636","1":"product","2":"type-product","3":"status-publish","4":"has-post-thumbnail","6":"product_brand-pfanner","7":"product_cat-abbigliamento","8":"product_cat-abbigliamento-da-lavoro","9":"product_cat-abbigliamento-per-il-tempo-libero","10":"product_cat-abbigliamento-da-uomo","11":"sws-gruppo-no-gruppo-fr","12":"sws-conto-ricavi-merci-rivendita-abbigliamento-fr","13":"sws-gruppo-iva-iva81-fr","15":"first","16":"instock","17":"shipping-taxable","18":"purchasable","19":"product-type-variable","20":"has-default-attributes"},"_links":{"self":[{"href":"https:\/\/lucacastelli.com\/fr\/wp-json\/wp\/v2\/product\/618636","targetHints":{"allow":["GET"]}}],"collection":[{"href":"https:\/\/lucacastelli.com\/fr\/wp-json\/wp\/v2\/product"}],"about":[{"href":"https:\/\/lucacastelli.com\/fr\/wp-json\/wp\/v2\/types\/product"}],"wp:featuredmedia":[{"embeddable":true,"href":"https:\/\/lucacastelli.com\/fr\/wp-json\/wp\/v2\/media\/618586"}],"wp:attachment":[{"href":"https:\/\/lucacastelli.com\/fr\/wp-json\/wp\/v2\/media?parent=618636"}],"wp:term":[{"taxonomy":"product_brand","embeddable":true,"href":"https:\/\/lucacastelli.com\/fr\/wp-json\/wp\/v2\/product_brand?post=618636"},{"taxonomy":"product_cat","embeddable":true,"href":"https:\/\/lucacastelli.com\/fr\/wp-json\/wp\/v2\/product_cat?post=618636"},{"taxonomy":"product_tag","embeddable":true,"href":"https:\/\/lucacastelli.com\/fr\/wp-json\/wp\/v2\/product_tag?post=618636"}],"curies":[{"name":"wp","href":"https:\/\/api.w.org\/{rel}","templated":true}]}}