{"id":618292,"date":"2025-08-18T22:04:42","date_gmt":"2025-08-18T20:04:42","guid":{"rendered":"https:\/\/lucacastelli.com\/?post_type=product&#038;p=618292"},"modified":"2026-04-14T04:16:17","modified_gmt":"2026-04-14T02:16:17","slug":"pfanner-merino-airsoft-mutze-copia-copia-copia-copia-copia","status":"publish","type":"product","link":"https:\/\/lucacastelli.com\/fr\/produit\/pfanner-merino-airsoft-mutze-copia-copia-copia-copia-copia\/","title":{"rendered":"Bonnet en tricot PFANNER Merino Falcon"},"content":{"rendered":"<p>Bonnet en tricot m\u00e9rinos avec bandeau int\u00e9rieur en micropolaire pour les journ\u00e9es froides. Le bandeau en micropolaire cousu \u00e0 l&#8217;int\u00e9rieur garantit une chaleur et une isolation suppl\u00e9mentaires et emp\u00eache le bonnet de glisser. Ce bonnet est r\u00e9alis\u00e9 en tricot jersey et c\u00f4tes 1\/1.<br \/>\n&#8211; Bandeau int\u00e9rieur en micropolaire<br \/>\n&#8211; Maintient la t\u00eate au chaud<br \/>\n&#8211; Laine m\u00e9rinos pour un climat optimal  <\/p>\n<p>Mati\u00e8re :<br \/>\nExt\u00e9rieur : 50 % laine m\u00e9rinos, 50 % acrylique<br \/>\nInt\u00e9rieur : 100 % polyester<br \/>\nTaille : taille unique<\/p>\n","protected":false},"excerpt":{"rendered":"<p>Bonnet en tricot m\u00e9rinos avec bandeau int\u00e9rieur en micropolaire pour les journ\u00e9es froides. Le bandeau en micropolaire cousu \u00e0 l&#8217;int\u00e9rieur<\/p>\n","protected":false},"featured_media":618296,"template":"","meta":{"_seopress_robots_primary_cat":"none","_seopress_titles_title":"","_seopress_titles_desc":"","_seopress_robots_index":""},"product_brand":[3669],"product_cat":[1390,81],"product_tag":[],"class_list":{"0":"post-618292","1":"product","2":"type-product","3":"status-publish","4":"has-post-thumbnail","6":"product_brand-pfanner-fr","7":"product_cat-accessoires-dhabillement","8":"product_cat-vetements","9":"sws-gruppo-no-gruppo-fr","10":"sws-conto-ricavi-merci-rivendita-abbigliamento-fr","11":"sws-gruppo-iva-iva81-fr","13":"first","14":"onbackorder","15":"shipping-taxable","16":"purchasable","17":"product-type-simple"},"_links":{"self":[{"href":"https:\/\/lucacastelli.com\/fr\/wp-json\/wp\/v2\/product\/618292","targetHints":{"allow":["GET"]}}],"collection":[{"href":"https:\/\/lucacastelli.com\/fr\/wp-json\/wp\/v2\/product"}],"about":[{"href":"https:\/\/lucacastelli.com\/fr\/wp-json\/wp\/v2\/types\/product"}],"wp:featuredmedia":[{"embeddable":true,"href":"https:\/\/lucacastelli.com\/fr\/wp-json\/wp\/v2\/media\/618296"}],"wp:attachment":[{"href":"https:\/\/lucacastelli.com\/fr\/wp-json\/wp\/v2\/media?parent=618292"}],"wp:term":[{"taxonomy":"product_brand","embeddable":true,"href":"https:\/\/lucacastelli.com\/fr\/wp-json\/wp\/v2\/product_brand?post=618292"},{"taxonomy":"product_cat","embeddable":true,"href":"https:\/\/lucacastelli.com\/fr\/wp-json\/wp\/v2\/product_cat?post=618292"},{"taxonomy":"product_tag","embeddable":true,"href":"https:\/\/lucacastelli.com\/fr\/wp-json\/wp\/v2\/product_tag?post=618292"}],"curies":[{"name":"wp","href":"https:\/\/api.w.org\/{rel}","templated":true}]}}