{"id":618284,"date":"2025-08-18T22:02:27","date_gmt":"2025-08-18T20:02:27","guid":{"rendered":"https:\/\/lucacastelli.com\/?post_type=product&#038;p=618284"},"modified":"2026-04-14T04:10:22","modified_gmt":"2026-04-14T02:10:22","slug":"pfanner-merino-airsoft-mutze-copia-copia-copia-copia-2","status":"publish","type":"product","link":"https:\/\/lucacastelli.com\/fr\/produit\/pfanner-merino-airsoft-mutze-copia-copia-copia-copia-2\/","title":{"rendered":"PFANNER Spirit Flex-Air Cap"},"content":{"rendered":"<p>La Spirit Flex-Air Cap convainc gr\u00e2ce \u00e0 sa bande anti-transpiration r\u00e9glable et \u00e0 son \u00e9lastique hautement extensible OneSize \u00e0 l&#8217;arri\u00e8re de la t\u00eate, qui garantit un maintien et un confort maximaux. Bande anti-transpiration hygi\u00e9nique en microfibre avec filet \u00e9lastique pour une respirabilit\u00e9 maximale. <\/p>\n<p>Mati\u00e8re : 100 % polyester<br \/>\nTailles : \u00e9lastique OneSize<\/p>\n","protected":false},"excerpt":{"rendered":"<p>La Spirit Flex-Air Cap convainc gr\u00e2ce \u00e0 sa bande anti-transpiration r\u00e9glable et \u00e0 son \u00e9lastique hautement extensible OneSize \u00e0 l&#8217;arri\u00e8re<\/p>\n","protected":false},"featured_media":618288,"template":"","meta":{"_seopress_robots_primary_cat":"none","_seopress_titles_title":"","_seopress_titles_desc":"","_seopress_robots_index":""},"product_brand":[3458],"product_cat":[21,186],"product_tag":[],"class_list":{"0":"post-618284","1":"product","2":"type-product","3":"status-publish","4":"has-post-thumbnail","6":"product_brand-pfanner","7":"product_cat-abbigliamento","8":"product_cat-accessori-per-labbigliamento","9":"sws-gruppo-no-gruppo-fr","10":"sws-conto-ricavi-merci-rivendita-abbigliamento-fr","11":"sws-gruppo-iva-iva81-fr","13":"first","14":"onbackorder","15":"shipping-taxable","16":"purchasable","17":"product-type-simple"},"_links":{"self":[{"href":"https:\/\/lucacastelli.com\/fr\/wp-json\/wp\/v2\/product\/618284","targetHints":{"allow":["GET"]}}],"collection":[{"href":"https:\/\/lucacastelli.com\/fr\/wp-json\/wp\/v2\/product"}],"about":[{"href":"https:\/\/lucacastelli.com\/fr\/wp-json\/wp\/v2\/types\/product"}],"wp:featuredmedia":[{"embeddable":true,"href":"https:\/\/lucacastelli.com\/fr\/wp-json\/wp\/v2\/media\/618288"}],"wp:attachment":[{"href":"https:\/\/lucacastelli.com\/fr\/wp-json\/wp\/v2\/media?parent=618284"}],"wp:term":[{"taxonomy":"product_brand","embeddable":true,"href":"https:\/\/lucacastelli.com\/fr\/wp-json\/wp\/v2\/product_brand?post=618284"},{"taxonomy":"product_cat","embeddable":true,"href":"https:\/\/lucacastelli.com\/fr\/wp-json\/wp\/v2\/product_cat?post=618284"},{"taxonomy":"product_tag","embeddable":true,"href":"https:\/\/lucacastelli.com\/fr\/wp-json\/wp\/v2\/product_tag?post=618284"}],"curies":[{"name":"wp","href":"https:\/\/api.w.org\/{rel}","templated":true}]}}