{"id":618246,"date":"2025-08-18T21:51:48","date_gmt":"2025-08-18T19:51:48","guid":{"rendered":"https:\/\/lucacastelli.com\/?post_type=product&#038;p=618246"},"modified":"2026-03-14T00:29:46","modified_gmt":"2026-03-13T23:29:46","slug":"pfanner-merino-airsoft-mutze-copia-copia-copia-copia","status":"publish","type":"product","link":"https:\/\/lucacastelli.com\/fr\/produit\/pfanner-merino-airsoft-mutze-copia-copia-copia-copia\/","title":{"rendered":"PFANNER StretchAir\u00ae Tubular"},"content":{"rendered":"<p>Bonnet fonctionnel en laine m\u00e9rinos, r\u00e9chauffe \u00e0 basse temp\u00e9rature, cr\u00e9e une gestion naturelle de l\u2019humidit\u00e9, ne raye pas, enduit de t\u00e9flon pour une fonction hydrofuge, anti-odeur et antibact\u00e9rienne, autonettoyant, perfor\u00e9 pour plus de ventilation, coutures plates sans pression.<\/p>\n<p>Mati\u00e8re : 99 % laine m\u00e9rinos \/ 1 % nylon<\/p>\n","protected":false},"excerpt":{"rendered":"<p>Bonnet fonctionnel en laine m\u00e9rinos, r\u00e9chauffe \u00e0 basse temp\u00e9rature, cr\u00e9e une gestion naturelle de l\u2019humidit\u00e9, ne raye pas, enduit de<\/p>\n","protected":false},"featured_media":618250,"template":"","meta":{"_seopress_robots_primary_cat":"none","_seopress_titles_title":"","_seopress_titles_desc":"","_seopress_robots_index":""},"product_brand":[3669],"product_cat":[1390,81],"product_tag":[],"class_list":{"0":"post-618246","1":"product","2":"type-product","3":"status-publish","4":"has-post-thumbnail","6":"product_brand-pfanner-fr","7":"product_cat-accessoires-dhabillement","8":"product_cat-vetements","9":"sws-gruppo-no-gruppo-fr","10":"sws-conto-ricavi-merci-rivendita-abbigliamento-fr","11":"sws-gruppo-iva-iva81-fr","13":"first","14":"onbackorder","15":"shipping-taxable","16":"purchasable","17":"product-type-simple"},"_links":{"self":[{"href":"https:\/\/lucacastelli.com\/fr\/wp-json\/wp\/v2\/product\/618246","targetHints":{"allow":["GET"]}}],"collection":[{"href":"https:\/\/lucacastelli.com\/fr\/wp-json\/wp\/v2\/product"}],"about":[{"href":"https:\/\/lucacastelli.com\/fr\/wp-json\/wp\/v2\/types\/product"}],"wp:featuredmedia":[{"embeddable":true,"href":"https:\/\/lucacastelli.com\/fr\/wp-json\/wp\/v2\/media\/618250"}],"wp:attachment":[{"href":"https:\/\/lucacastelli.com\/fr\/wp-json\/wp\/v2\/media?parent=618246"}],"wp:term":[{"taxonomy":"product_brand","embeddable":true,"href":"https:\/\/lucacastelli.com\/fr\/wp-json\/wp\/v2\/product_brand?post=618246"},{"taxonomy":"product_cat","embeddable":true,"href":"https:\/\/lucacastelli.com\/fr\/wp-json\/wp\/v2\/product_cat?post=618246"},{"taxonomy":"product_tag","embeddable":true,"href":"https:\/\/lucacastelli.com\/fr\/wp-json\/wp\/v2\/product_tag?post=618246"}],"curies":[{"name":"wp","href":"https:\/\/api.w.org\/{rel}","templated":true}]}}