{"id":618238,"date":"2025-08-18T21:39:52","date_gmt":"2025-08-18T19:39:52","guid":{"rendered":"https:\/\/lucacastelli.com\/?post_type=product&#038;p=618238"},"modified":"2026-04-14T11:12:26","modified_gmt":"2026-04-14T09:12:26","slug":"pfanner-merino-airsoft-mutze-copia-copia-copia","status":"publish","type":"product","link":"https:\/\/lucacastelli.com\/fr\/produit\/pfanner-merino-airsoft-mutze-copia-copia-copia\/","title":{"rendered":"PFANNER Hockey Cap"},"content":{"rendered":"<p>La casquette fonctionnelle Pfanner avec broderie Pfanner et Holzer est un v\u00e9ritable accroche-regard. Gr\u00e2ce \u00e0 la bande anti-transpiration, la casquette enveloppe la t\u00eate de mani\u00e8re harmonieuse et douce comme aucune autre. Les six trous d&#8217;a\u00e9ration garantissent une excellente circulation de l&#8217;air.  <\/p>\n<p>Mati\u00e8re : 100 % microfibre de polyester<br \/>\nTailles : r\u00e9glable avec clip m\u00e9tallique de 50 \u00e0 62 cm de tour de t\u00eate<\/p>\n","protected":false},"excerpt":{"rendered":"<p>La casquette fonctionnelle Pfanner avec broderie Pfanner et Holzer est un v\u00e9ritable accroche-regard. Gr\u00e2ce \u00e0 la bande anti-transpiration, la casquette<\/p>\n","protected":false},"featured_media":618242,"template":"","meta":{"_seopress_robots_primary_cat":"none","_seopress_titles_title":"","_seopress_titles_desc":"","_seopress_robots_index":""},"product_brand":[3458],"product_cat":[21,186],"product_tag":[],"class_list":{"0":"post-618238","1":"product","2":"type-product","3":"status-publish","4":"has-post-thumbnail","6":"product_brand-pfanner","7":"product_cat-abbigliamento","8":"product_cat-accessori-per-labbigliamento","9":"sws-gruppo-no-gruppo-fr","10":"sws-conto-ricavi-merci-rivendita-abbigliamento-fr","11":"sws-gruppo-iva-iva81-fr","13":"first","14":"onbackorder","15":"shipping-taxable","16":"purchasable","17":"product-type-simple"},"_links":{"self":[{"href":"https:\/\/lucacastelli.com\/fr\/wp-json\/wp\/v2\/product\/618238","targetHints":{"allow":["GET"]}}],"collection":[{"href":"https:\/\/lucacastelli.com\/fr\/wp-json\/wp\/v2\/product"}],"about":[{"href":"https:\/\/lucacastelli.com\/fr\/wp-json\/wp\/v2\/types\/product"}],"wp:featuredmedia":[{"embeddable":true,"href":"https:\/\/lucacastelli.com\/fr\/wp-json\/wp\/v2\/media\/618242"}],"wp:attachment":[{"href":"https:\/\/lucacastelli.com\/fr\/wp-json\/wp\/v2\/media?parent=618238"}],"wp:term":[{"taxonomy":"product_brand","embeddable":true,"href":"https:\/\/lucacastelli.com\/fr\/wp-json\/wp\/v2\/product_brand?post=618238"},{"taxonomy":"product_cat","embeddable":true,"href":"https:\/\/lucacastelli.com\/fr\/wp-json\/wp\/v2\/product_cat?post=618238"},{"taxonomy":"product_tag","embeddable":true,"href":"https:\/\/lucacastelli.com\/fr\/wp-json\/wp\/v2\/product_tag?post=618238"}],"curies":[{"name":"wp","href":"https:\/\/api.w.org\/{rel}","templated":true}]}}