{"id":618224,"date":"2025-08-18T21:35:29","date_gmt":"2025-08-18T19:35:29","guid":{"rendered":"https:\/\/lucacastelli.com\/?post_type=product&#038;p=618224"},"modified":"2026-04-14T11:12:24","modified_gmt":"2026-04-14T09:12:24","slug":"pfanner-merino-airsoft-mutze-copia-copia","status":"publish","type":"product","link":"https:\/\/lucacastelli.com\/fr\/produit\/pfanner-merino-airsoft-mutze-copia-copia\/","title":{"rendered":"Casquette en Alcantara Pfanner"},"content":{"rendered":"<p>Casquette Pfanner Alcantara en cuir vintage, excellent ajustement gr\u00e2ce au r\u00e9glage continu de la taille. Le mat\u00e9riau Alcantara est extr\u00eamement robuste, r\u00e9sistant et facile \u00e0 nettoyer. <\/p>\n<p>Mati\u00e8re : 100 % polyester<br \/>\nTailles : r\u00e9glage de la taille par clip m\u00e9tallique de 50 \u00e0 62 cm de tour de t\u00eate<\/p>\n","protected":false},"excerpt":{"rendered":"<p>Casquette Pfanner Alcantara en cuir vintage, excellent ajustement gr\u00e2ce au r\u00e9glage continu de la taille. Le mat\u00e9riau Alcantara est extr\u00eamement<\/p>\n","protected":false},"featured_media":618230,"template":"","meta":{"_seopress_robots_primary_cat":"none","_seopress_titles_title":"","_seopress_titles_desc":"","_seopress_robots_index":""},"product_brand":[3669],"product_cat":[1390,81],"product_tag":[],"class_list":{"0":"post-618224","1":"product","2":"type-product","3":"status-publish","4":"has-post-thumbnail","6":"product_brand-pfanner-fr","7":"product_cat-accessoires-dhabillement","8":"product_cat-vetements","9":"sws-gruppo-no-gruppo-fr","10":"sws-conto-ricavi-merci-rivendita-abbigliamento-fr","11":"sws-gruppo-iva-iva81-fr","13":"first","14":"onbackorder","15":"shipping-taxable","16":"purchasable","17":"product-type-simple"},"_links":{"self":[{"href":"https:\/\/lucacastelli.com\/fr\/wp-json\/wp\/v2\/product\/618224","targetHints":{"allow":["GET"]}}],"collection":[{"href":"https:\/\/lucacastelli.com\/fr\/wp-json\/wp\/v2\/product"}],"about":[{"href":"https:\/\/lucacastelli.com\/fr\/wp-json\/wp\/v2\/types\/product"}],"wp:featuredmedia":[{"embeddable":true,"href":"https:\/\/lucacastelli.com\/fr\/wp-json\/wp\/v2\/media\/618230"}],"wp:attachment":[{"href":"https:\/\/lucacastelli.com\/fr\/wp-json\/wp\/v2\/media?parent=618224"}],"wp:term":[{"taxonomy":"product_brand","embeddable":true,"href":"https:\/\/lucacastelli.com\/fr\/wp-json\/wp\/v2\/product_brand?post=618224"},{"taxonomy":"product_cat","embeddable":true,"href":"https:\/\/lucacastelli.com\/fr\/wp-json\/wp\/v2\/product_cat?post=618224"},{"taxonomy":"product_tag","embeddable":true,"href":"https:\/\/lucacastelli.com\/fr\/wp-json\/wp\/v2\/product_tag?post=618224"}],"curies":[{"name":"wp","href":"https:\/\/api.w.org\/{rel}","templated":true}]}}