{"id":618209,"date":"2025-08-18T21:30:42","date_gmt":"2025-08-18T19:30:42","guid":{"rendered":"https:\/\/lucacastelli.com\/?post_type=product&#038;p=618209"},"modified":"2026-04-14T11:13:01","modified_gmt":"2026-04-14T09:13:01","slug":"pfanner-merino-airsoft-mutze-copia-3","status":"publish","type":"product","link":"https:\/\/lucacastelli.com\/fr\/produit\/pfanner-merino-airsoft-mutze-copia-3\/","title":{"rendered":"PFANNER Meta Cap"},"content":{"rendered":"<p>Ce bonnet se porte comme une casquette, mais sans visi\u00e8re. L&#8217;avantage de l&#8217;absence de visi\u00e8re est qu&#8217;elle ne limite pas la vue vers le haut, ce qui est extr\u00eamement utile pour l&#8217;entretien des arbres. Le bord ouvert garantit \u00e9galement un maintien s\u00fbr du bonnet sur la t\u00eate. De plus, comme pour les casquettes classiques, une fermeture velcro est pr\u00e9sente \u00e0 l&#8217;arri\u00e8re (47-66 cm) pour adapter parfaitement la taille \u00e0 la circonf\u00e9rence de la t\u00eate.   <\/p>\n<p>Mati\u00e8re : 100% coton<br \/>\nTaille : fermeture velcro r\u00e9glable 47-66 cm<\/p>\n","protected":false},"excerpt":{"rendered":"<p>Ce bonnet se porte comme une casquette, mais sans visi\u00e8re. L&#8217;avantage de l&#8217;absence de visi\u00e8re est qu&#8217;elle ne limite pas<\/p>\n","protected":false},"featured_media":618215,"template":"","meta":{"_seopress_robots_primary_cat":"none","_seopress_titles_title":"","_seopress_titles_desc":"","_seopress_robots_index":""},"product_brand":[3669],"product_cat":[1390,81],"product_tag":[],"class_list":{"0":"post-618209","1":"product","2":"type-product","3":"status-publish","4":"has-post-thumbnail","6":"product_brand-pfanner-fr","7":"product_cat-accessoires-dhabillement","8":"product_cat-vetements","9":"sws-gruppo-no-gruppo-fr","10":"sws-conto-ricavi-merci-rivendita-abbigliamento-fr","11":"sws-gruppo-iva-iva81-fr","13":"first","14":"onbackorder","15":"shipping-taxable","16":"purchasable","17":"product-type-variable","18":"has-default-attributes"},"_links":{"self":[{"href":"https:\/\/lucacastelli.com\/fr\/wp-json\/wp\/v2\/product\/618209","targetHints":{"allow":["GET"]}}],"collection":[{"href":"https:\/\/lucacastelli.com\/fr\/wp-json\/wp\/v2\/product"}],"about":[{"href":"https:\/\/lucacastelli.com\/fr\/wp-json\/wp\/v2\/types\/product"}],"wp:featuredmedia":[{"embeddable":true,"href":"https:\/\/lucacastelli.com\/fr\/wp-json\/wp\/v2\/media\/618215"}],"wp:attachment":[{"href":"https:\/\/lucacastelli.com\/fr\/wp-json\/wp\/v2\/media?parent=618209"}],"wp:term":[{"taxonomy":"product_brand","embeddable":true,"href":"https:\/\/lucacastelli.com\/fr\/wp-json\/wp\/v2\/product_brand?post=618209"},{"taxonomy":"product_cat","embeddable":true,"href":"https:\/\/lucacastelli.com\/fr\/wp-json\/wp\/v2\/product_cat?post=618209"},{"taxonomy":"product_tag","embeddable":true,"href":"https:\/\/lucacastelli.com\/fr\/wp-json\/wp\/v2\/product_tag?post=618209"}],"curies":[{"name":"wp","href":"https:\/\/api.w.org\/{rel}","templated":true}]}}