{"id":618135,"date":"2025-08-18T21:16:20","date_gmt":"2025-08-18T19:16:20","guid":{"rendered":"https:\/\/lucacastelli.com\/?post_type=product&#038;p=618135"},"modified":"2026-04-14T11:10:15","modified_gmt":"2026-04-14T09:10:15","slug":"pfanner-funktions-shorts-copia","status":"publish","type":"product","link":"https:\/\/lucacastelli.com\/fr\/produit\/pfanner-funktions-shorts-copia\/","title":{"rendered":"PFANNER Funktions-Shorts"},"content":{"rendered":"<p>Les shorts fonctionnels sont des sous-v\u00eatements extr\u00eamement \u00e9lastiques et respirants avec fonction de r\u00e9gulation du climat.<\/p>\n<p>&#8211; Technologie StretchAIR<br \/>\n&#8211; Extr\u00eamement \u00e9lastique, l\u00e9ger<br \/>\n&#8211; Antibact\u00e9rien, s\u00e9chage rapide<br \/>\n&#8211; Maintient la zone g\u00e9nitale au sec, m\u00eame \u00e0 des temp\u00e9ratures extr\u00eames<\/p>\n<p>95 % polyamide, 5 % \u00e9lasthanne<\/p>\n","protected":false},"excerpt":{"rendered":"<p>Les shorts fonctionnels sont des sous-v\u00eatements extr\u00eamement \u00e9lastiques et respirants avec fonction de r\u00e9gulation du climat. &#8211; Technologie StretchAIR &#8211;<\/p>\n","protected":false},"featured_media":618151,"template":"","meta":{"_seopress_robots_primary_cat":"none","_seopress_titles_title":"","_seopress_titles_desc":"","_seopress_robots_index":""},"product_brand":[3458],"product_cat":[21,186],"product_tag":[],"class_list":{"0":"post-618135","1":"product","2":"type-product","3":"status-publish","4":"has-post-thumbnail","6":"product_brand-pfanner","7":"product_cat-abbigliamento","8":"product_cat-accessori-per-labbigliamento","9":"sws-gruppo-no-gruppo-fr","10":"sws-conto-ricavi-merci-rivendita-abbigliamento-fr","11":"sws-gruppo-iva-iva81-fr","13":"first","14":"instock","15":"shipping-taxable","16":"purchasable","17":"product-type-variable","18":"has-default-attributes"},"_links":{"self":[{"href":"https:\/\/lucacastelli.com\/fr\/wp-json\/wp\/v2\/product\/618135","targetHints":{"allow":["GET"]}}],"collection":[{"href":"https:\/\/lucacastelli.com\/fr\/wp-json\/wp\/v2\/product"}],"about":[{"href":"https:\/\/lucacastelli.com\/fr\/wp-json\/wp\/v2\/types\/product"}],"wp:featuredmedia":[{"embeddable":true,"href":"https:\/\/lucacastelli.com\/fr\/wp-json\/wp\/v2\/media\/618151"}],"wp:attachment":[{"href":"https:\/\/lucacastelli.com\/fr\/wp-json\/wp\/v2\/media?parent=618135"}],"wp:term":[{"taxonomy":"product_brand","embeddable":true,"href":"https:\/\/lucacastelli.com\/fr\/wp-json\/wp\/v2\/product_brand?post=618135"},{"taxonomy":"product_cat","embeddable":true,"href":"https:\/\/lucacastelli.com\/fr\/wp-json\/wp\/v2\/product_cat?post=618135"},{"taxonomy":"product_tag","embeddable":true,"href":"https:\/\/lucacastelli.com\/fr\/wp-json\/wp\/v2\/product_tag?post=618135"}],"curies":[{"name":"wp","href":"https:\/\/api.w.org\/{rel}","templated":true}]}}