{"id":617782,"date":"2025-08-18T20:33:05","date_gmt":"2025-08-18T18:33:05","guid":{"rendered":"https:\/\/lucacastelli.com\/?post_type=product&#038;p=617782"},"modified":"2026-04-14T11:11:42","modified_gmt":"2026-04-14T09:11:42","slug":"veste-protos-inuit-copia-copia-copia-copia-copia-3","status":"publish","type":"product","link":"https:\/\/lucacastelli.com\/fr\/produit\/veste-protos-inuit-copia-copia-copia-copia-copia-3\/","title":{"rendered":"PFANNER veste avec protection anti-coupure"},"content":{"rendered":"<p>La veste pour tous les travaux extr\u00eames n\u00e9cessitant une protection anti-coupure de classe 1 sur toute la partie avant, y compris les bras et le col. Gr\u00e2ce \u00e0 la technologie StretchAIR\u00ae et KlimaAIR\u00ae dans la zone arri\u00e8re, le confort est garanti. Les fentes de ventilation sous les aisselles offrent une possibilit\u00e9 d&#8217;a\u00e9ration suppl\u00e9mentaire. Le tissu ext\u00e9rieur extr\u00eamement robuste et r\u00e9sistant aux d\u00e9chirures garantit la longue dur\u00e9e de vie de la veste anti-coupure StretchAIR\u00ae. La version orange est en outre conforme \u00e0 la classe de visibilit\u00e9 EN 20471 Classe 2.<br \/>\n-Protection anti-coupure de classe 1 sur toute la partie avant, y compris le cou et les bras<br \/>\n-Technologie StretchAIR\u00ae<br \/>\n-Technologie KlimaAIR\u00ae<br \/>\n-Tissu ext\u00e9rieur extr\u00eamement robuste et r\u00e9sistant aux d\u00e9chirures<br \/>\n-Renfort imperm\u00e9able sur les \u00e9paules<br \/>\n-Doublure int\u00e9rieure en fibre fonctionnelle de haute qualit\u00e9<br \/>\n-Fentes de ventilation de 50 cm dans la zone des aisselles<br \/>\n-3CON\u00ae Reflex<br \/>\n-EN 20471 \/ Classe 2 (version orange uniquement)    <\/p>\n<p>&nbsp;<\/p>\n<p>&nbsp;<\/p>\n<p>Mat\u00e9riau :<br \/>\nMat\u00e9riau ext\u00e9rieur couleurs de signalisation : 83% EME-Lycra, 17% PES<br \/>\nTissu extensible : 92% polyamide, 8% \u00e9lasthanne<br \/>\nDoublure : 100% polyester Cocona<br \/>\nProtection anti-coupure : Avertic Engtex Pro (classe 1, 20 m\/s)<br \/>\nNormes :<br \/>\nEN381-11 \/ Classe 1 (20 m\/s)<br \/>\nEN 20471 Classe 2 (version orange uniquement)<\/p>\n","protected":false},"excerpt":{"rendered":"<p>La veste pour tous les travaux extr\u00eames n\u00e9cessitant une protection anti-coupure de classe 1 sur toute la partie avant, y<\/p>\n","protected":false},"featured_media":617816,"template":"","meta":{"_seopress_robots_primary_cat":"none","_seopress_titles_title":"","_seopress_titles_desc":"","_seopress_robots_index":""},"product_brand":[3458],"product_cat":[21,284],"product_tag":[],"class_list":{"0":"post-617782","1":"product","2":"type-product","3":"status-publish","4":"has-post-thumbnail","6":"product_brand-pfanner","7":"product_cat-abbigliamento","8":"product_cat-abbigliamento-da-lavoro","9":"sws-gruppo-no-gruppo-fr","10":"sws-conto-ricavi-merci-rivendita-abbigliamento-fr","11":"sws-gruppo-iva-iva81-fr","13":"first","14":"instock","15":"shipping-taxable","16":"purchasable","17":"product-type-variable","18":"has-default-attributes"},"_links":{"self":[{"href":"https:\/\/lucacastelli.com\/fr\/wp-json\/wp\/v2\/product\/617782","targetHints":{"allow":["GET"]}}],"collection":[{"href":"https:\/\/lucacastelli.com\/fr\/wp-json\/wp\/v2\/product"}],"about":[{"href":"https:\/\/lucacastelli.com\/fr\/wp-json\/wp\/v2\/types\/product"}],"wp:featuredmedia":[{"embeddable":true,"href":"https:\/\/lucacastelli.com\/fr\/wp-json\/wp\/v2\/media\/617816"}],"wp:attachment":[{"href":"https:\/\/lucacastelli.com\/fr\/wp-json\/wp\/v2\/media?parent=617782"}],"wp:term":[{"taxonomy":"product_brand","embeddable":true,"href":"https:\/\/lucacastelli.com\/fr\/wp-json\/wp\/v2\/product_brand?post=617782"},{"taxonomy":"product_cat","embeddable":true,"href":"https:\/\/lucacastelli.com\/fr\/wp-json\/wp\/v2\/product_cat?post=617782"},{"taxonomy":"product_tag","embeddable":true,"href":"https:\/\/lucacastelli.com\/fr\/wp-json\/wp\/v2\/product_tag?post=617782"}],"curies":[{"name":"wp","href":"https:\/\/api.w.org\/{rel}","templated":true}]}}