{"id":617729,"date":"2025-08-18T20:30:06","date_gmt":"2025-08-18T18:30:06","guid":{"rendered":"https:\/\/lucacastelli.com\/?post_type=product&#038;p=617729"},"modified":"2026-04-14T11:11:40","modified_gmt":"2026-04-14T09:11:40","slug":"veste-protos-inuit-copia-copia-copia-copia-copia-2","status":"publish","type":"product","link":"https:\/\/lucacastelli.com\/fr\/produit\/veste-protos-inuit-copia-copia-copia-copia-copia-2\/","title":{"rendered":"PFANNER veste ARBORIST"},"content":{"rendered":"<p>La veste Arborist est la veste pour les professionnels des arbres. L&#8217;impression en silicone dans le bas du dos garantit que la veste reste sous le harnais. La disposition bien pens\u00e9e des poches permet de ranger tous les objets de mani\u00e8re \u00e0 ce qu&#8217;ils soient rapidement accessibles m\u00eame lorsque vous portez l&#8217;\u00e9quipement d&#8217;escalade. La technologie KlimaAIR\u00ae et StretchAIR\u00ae garantit une libert\u00e9 de mouvement maximale entre les branches et un confort maximal. Le col haut emp\u00eache l&#8217;entr\u00e9e de branches et de corps \u00e9trangers dans la zone du cou.<br \/>\n-Impression en silicone contre le glissement de la ceinture<br \/>\n-Technologie StretchAIR\u00ae et KlimaAIR\u00ae<br \/>\n-Libert\u00e9 de mouvement maximale<br \/>\n-100% sans membrane<br \/>\n-Tissu ext\u00e9rieur hydrofuge et r\u00e9sistant \u00e0 la salet\u00e9<br \/>\n-Ventilation sous les aisselles de 50 cm<br \/>\n-Poignets \u00e9lastiques<br \/>\n-Bandes r\u00e9fl\u00e9chissantes    <\/p>\n<p>Mat\u00e9riau :<br \/>\nTissu stretch : 92% polyamide, 8% \u00e9lasthanne<br \/>\nDoublure : 100% polyester<\/p>\n","protected":false},"excerpt":{"rendered":"<p>La veste Arborist est la veste pour les professionnels des arbres. L&#8217;impression en silicone dans le bas du dos garantit<\/p>\n","protected":false},"featured_media":617683,"template":"","meta":{"_seopress_robots_primary_cat":"none","_seopress_titles_title":"","_seopress_titles_desc":"","_seopress_robots_index":""},"product_brand":[3458],"product_cat":[21,284,189,190],"product_tag":[],"class_list":{"0":"post-617729","1":"product","2":"type-product","3":"status-publish","4":"has-post-thumbnail","6":"product_brand-pfanner","7":"product_cat-abbigliamento","8":"product_cat-abbigliamento-da-lavoro","9":"product_cat-abbigliamento-per-il-tempo-libero","10":"product_cat-abbigliamento-da-uomo","11":"sws-gruppo-no-gruppo-fr","12":"sws-conto-ricavi-merci-rivendita-abbigliamento-fr","13":"sws-gruppo-iva-iva81-fr","15":"first","16":"instock","17":"shipping-taxable","18":"purchasable","19":"product-type-variable","20":"has-default-attributes"},"_links":{"self":[{"href":"https:\/\/lucacastelli.com\/fr\/wp-json\/wp\/v2\/product\/617729","targetHints":{"allow":["GET"]}}],"collection":[{"href":"https:\/\/lucacastelli.com\/fr\/wp-json\/wp\/v2\/product"}],"about":[{"href":"https:\/\/lucacastelli.com\/fr\/wp-json\/wp\/v2\/types\/product"}],"wp:featuredmedia":[{"embeddable":true,"href":"https:\/\/lucacastelli.com\/fr\/wp-json\/wp\/v2\/media\/617683"}],"wp:attachment":[{"href":"https:\/\/lucacastelli.com\/fr\/wp-json\/wp\/v2\/media?parent=617729"}],"wp:term":[{"taxonomy":"product_brand","embeddable":true,"href":"https:\/\/lucacastelli.com\/fr\/wp-json\/wp\/v2\/product_brand?post=617729"},{"taxonomy":"product_cat","embeddable":true,"href":"https:\/\/lucacastelli.com\/fr\/wp-json\/wp\/v2\/product_cat?post=617729"},{"taxonomy":"product_tag","embeddable":true,"href":"https:\/\/lucacastelli.com\/fr\/wp-json\/wp\/v2\/product_tag?post=617729"}],"curies":[{"name":"wp","href":"https:\/\/api.w.org\/{rel}","templated":true}]}}