{"id":617516,"date":"2025-08-18T19:52:44","date_gmt":"2025-08-18T17:52:44","guid":{"rendered":"https:\/\/lucacastelli.com\/?post_type=product&#038;p=617516"},"modified":"2026-04-14T11:11:40","modified_gmt":"2026-04-14T09:11:40","slug":"veste-protos-inuit-copia-copia-copia-copia","status":"publish","type":"product","link":"https:\/\/lucacastelli.com\/fr\/produit\/veste-protos-inuit-copia-copia-copia-copia\/","title":{"rendered":"PFANNER Veste polaire Polar"},"content":{"rendered":"<p>La veste Polar, d\u00e9pourvue de toute membrane, garantit une respirabilit\u00e9 maximale. Gr\u00e2ce \u00e0 sa coupe parfaite et \u00e0 sa polaire extensible, la veste Polar est id\u00e9ale comme compl\u00e9ment aux v\u00eatements techniques par basses temp\u00e9ratures ou pour prot\u00e9ger le corps du refroidissement apr\u00e8s l&#8217;activit\u00e9 sportive. La polaire robuste et facile \u00e0 laver est en outre dot\u00e9e d&#8217;un col montant et d&#8217;une protection pour le menton. La veste PolarTec est \u00e9galement disponible en version femme avec une coupe sportive.<br \/>\n-Confort<br \/>\n-Polaire PolarTec de haute qualit\u00e9<br \/>\n-Libert\u00e9 de mouvement gr\u00e2ce \u00e0 la polaire extensible<br \/>\n-Col montant contre le vent froid<br \/>\n-Protection pour le menton<br \/>\n-Facile \u00e0 laver<br \/>\n-100% sans membrane<br \/>\n-Poche poitrine avec fermeture \u00e9clair Zipp2Zipp\u00ae   <\/p>\n<p>Mati\u00e8re : 57% polyester, 33% nylon, 10% lycra<\/p>\n","protected":false},"excerpt":{"rendered":"<p>La veste Polar, d\u00e9pourvue de toute membrane, garantit une respirabilit\u00e9 maximale. Gr\u00e2ce \u00e0 sa coupe parfaite et \u00e0 sa polaire<\/p>\n","protected":false},"featured_media":617536,"template":"","meta":{"_seopress_robots_primary_cat":"none","_seopress_titles_title":"","_seopress_titles_desc":"","_seopress_robots_index":""},"product_brand":[3669],"product_cat":[81,1381,981,982],"product_tag":[],"class_list":{"0":"post-617516","1":"product","2":"type-product","3":"status-publish","4":"has-post-thumbnail","6":"product_brand-pfanner-fr","7":"product_cat-vetements","8":"product_cat-vetements-de-travail","9":"product_cat-vetements-de-loisirs","10":"product_cat-vetements-pour-hommes","11":"sws-gruppo-no-gruppo-fr","12":"sws-conto-ricavi-merci-rivendita-abbigliamento-fr","13":"sws-gruppo-iva-iva81-fr","15":"first","16":"instock","17":"shipping-taxable","18":"purchasable","19":"product-type-variable","20":"has-default-attributes"},"_links":{"self":[{"href":"https:\/\/lucacastelli.com\/fr\/wp-json\/wp\/v2\/product\/617516","targetHints":{"allow":["GET"]}}],"collection":[{"href":"https:\/\/lucacastelli.com\/fr\/wp-json\/wp\/v2\/product"}],"about":[{"href":"https:\/\/lucacastelli.com\/fr\/wp-json\/wp\/v2\/types\/product"}],"wp:featuredmedia":[{"embeddable":true,"href":"https:\/\/lucacastelli.com\/fr\/wp-json\/wp\/v2\/media\/617536"}],"wp:attachment":[{"href":"https:\/\/lucacastelli.com\/fr\/wp-json\/wp\/v2\/media?parent=617516"}],"wp:term":[{"taxonomy":"product_brand","embeddable":true,"href":"https:\/\/lucacastelli.com\/fr\/wp-json\/wp\/v2\/product_brand?post=617516"},{"taxonomy":"product_cat","embeddable":true,"href":"https:\/\/lucacastelli.com\/fr\/wp-json\/wp\/v2\/product_cat?post=617516"},{"taxonomy":"product_tag","embeddable":true,"href":"https:\/\/lucacastelli.com\/fr\/wp-json\/wp\/v2\/product_tag?post=617516"}],"curies":[{"name":"wp","href":"https:\/\/api.w.org\/{rel}","templated":true}]}}