{"id":617443,"date":"2025-08-18T19:42:44","date_gmt":"2025-08-18T17:42:44","guid":{"rendered":"https:\/\/lucacastelli.com\/?post_type=product&#038;p=617443"},"modified":"2026-04-14T11:16:53","modified_gmt":"2026-04-14T09:16:53","slug":"veste-protos-inuit-copia-copia-copia","status":"publish","type":"product","link":"https:\/\/lucacastelli.com\/fr\/produit\/veste-protos-inuit-copia-copia-copia\/","title":{"rendered":"PFANNER Veste polaire Midland"},"content":{"rendered":"<p>La veste Midland en fibre synth\u00e9tique est fabriqu\u00e9e en fibre synth\u00e9tique de haute qualit\u00e9. La surface en fibre synth\u00e9tique semblable \u00e0 de la peluche garantit une fonction d\u00e9perlante naturelle sans membrane. Le dos allong\u00e9 prot\u00e8ge efficacement la zone r\u00e9nale du froid. La technologie StretchFlex\u00ae et la protection du menton compl\u00e8tent le confort de la veste.<br \/>\n-Fibre synth\u00e9tique r\u00e9sistante<br \/>\n-Dos allong\u00e9<br \/>\n-Technologie StretchFlex\u00ae<br \/>\n-D\u00e9perlant et antitache<br \/>\n-Protection du menton<br \/>\n-100 % sans membrane<br \/>\n-Poignets et bord avant hautement \u00e9lastiques en maille 2\u00d72<br \/>\n-\u00c9galement disponible en tailles enfant   <\/p>\n<p>Mat\u00e9riau : 70 % polyester, 30 % polyacrylique<\/p>\n","protected":false},"excerpt":{"rendered":"<p>La veste Midland en fibre synth\u00e9tique est fabriqu\u00e9e en fibre synth\u00e9tique de haute qualit\u00e9. La surface en fibre synth\u00e9tique semblable<\/p>\n","protected":false},"featured_media":617463,"template":"","meta":{"_seopress_robots_primary_cat":"none","_seopress_titles_title":"","_seopress_titles_desc":"","_seopress_robots_index":""},"product_brand":[3458],"product_cat":[21,284,189,190],"product_tag":[],"class_list":{"0":"post-617443","1":"product","2":"type-product","3":"status-publish","4":"has-post-thumbnail","6":"product_brand-pfanner","7":"product_cat-abbigliamento","8":"product_cat-abbigliamento-da-lavoro","9":"product_cat-abbigliamento-per-il-tempo-libero","10":"product_cat-abbigliamento-da-uomo","11":"sws-gruppo-no-gruppo-fr","12":"sws-categoria-sito-fr","13":"sws-conto-ricavi-merci-rivendita-abbigliamento-fr","14":"sws-gruppo-iva-iva81-fr","16":"first","17":"instock","18":"shipping-taxable","19":"purchasable","20":"product-type-variable","21":"has-default-attributes"},"_links":{"self":[{"href":"https:\/\/lucacastelli.com\/fr\/wp-json\/wp\/v2\/product\/617443","targetHints":{"allow":["GET"]}}],"collection":[{"href":"https:\/\/lucacastelli.com\/fr\/wp-json\/wp\/v2\/product"}],"about":[{"href":"https:\/\/lucacastelli.com\/fr\/wp-json\/wp\/v2\/types\/product"}],"wp:featuredmedia":[{"embeddable":true,"href":"https:\/\/lucacastelli.com\/fr\/wp-json\/wp\/v2\/media\/617463"}],"wp:attachment":[{"href":"https:\/\/lucacastelli.com\/fr\/wp-json\/wp\/v2\/media?parent=617443"}],"wp:term":[{"taxonomy":"product_brand","embeddable":true,"href":"https:\/\/lucacastelli.com\/fr\/wp-json\/wp\/v2\/product_brand?post=617443"},{"taxonomy":"product_cat","embeddable":true,"href":"https:\/\/lucacastelli.com\/fr\/wp-json\/wp\/v2\/product_cat?post=617443"},{"taxonomy":"product_tag","embeddable":true,"href":"https:\/\/lucacastelli.com\/fr\/wp-json\/wp\/v2\/product_tag?post=617443"}],"curies":[{"name":"wp","href":"https:\/\/api.w.org\/{rel}","templated":true}]}}