{"id":617310,"date":"2025-08-18T19:21:46","date_gmt":"2025-08-18T17:21:46","guid":{"rendered":"https:\/\/lucacastelli.com\/?post_type=product&#038;p=617310"},"modified":"2026-04-14T11:18:19","modified_gmt":"2026-04-14T09:18:19","slug":"veste-protos-inuit-copia-2","status":"publish","type":"product","link":"https:\/\/lucacastelli.com\/fr\/produit\/veste-protos-inuit-copia-2\/","title":{"rendered":"PFANNER Veste polaire Highland"},"content":{"rendered":"<p>Les vestes polaires Highland sont r\u00e9alis\u00e9es en maille synth\u00e9tique de haute qualit\u00e9. La surface en fibre synth\u00e9tique semblable \u00e0 de la peluche garantit une fonction hydrofuge naturelle sans membrane.<br \/>\nLe dos allong\u00e9 prot\u00e8ge efficacement la zone r\u00e9nale du refroidissement et la protection du menton compl\u00e8te le confort de la veste. La veste polaire Highland est \u00e9quip\u00e9e de Cordura imperm\u00e9able sur la poitrine et le dos. Les bandes r\u00e9fl\u00e9chissantes offrent une meilleure visibilit\u00e9. Cela fait de la veste polaire Highland le v\u00eatement parfait pour les journ\u00e9es temp\u00e9tueuses.<br \/>\nLes manches d\u00e9tachables permettent de transformer la veste en gilet \u00e0 tout moment.<br \/>\n-Polaire synth\u00e9tique r\u00e9sistante<br \/>\n-Renforts en Cordura sur les \u00e9paules<br \/>\n-Zone des \u00e9paules imperm\u00e9able<br \/>\n-Manches d\u00e9tachables<br \/>\n-Dos allong\u00e9<br \/>\n-Garage pour fermeture \u00e9clair<br \/>\n-Dos rembourr\u00e9 coupe-vent<br \/>\n-Bandes r\u00e9fl\u00e9chissantes<br \/>\n-Poignets et bord avant \u00e9lastiqu\u00e9s 2\u00d72<br \/>\n-Technologie StretchFlex\u00ae    <\/p>\n<p>Mati\u00e8re :<br \/>\nMati\u00e8re ext\u00e9rieure : 100 % polyester<br \/>\nMati\u00e8re ext\u00e9rieure 2 : 97 % polyester, 3 % spandex<br \/>\nDoublure : 100 % polyester<\/p>\n","protected":false},"excerpt":{"rendered":"<p>Les vestes polaires Highland sont r\u00e9alis\u00e9es en maille synth\u00e9tique de haute qualit\u00e9. La surface en fibre synth\u00e9tique semblable \u00e0 de<\/p>\n","protected":false},"featured_media":617330,"template":"","meta":{"_seopress_robots_primary_cat":"none","_seopress_titles_title":"","_seopress_titles_desc":"","_seopress_robots_index":""},"product_brand":[3669],"product_cat":[81,1381,981,982],"product_tag":[],"class_list":{"0":"post-617310","1":"product","2":"type-product","3":"status-publish","4":"has-post-thumbnail","6":"product_brand-pfanner-fr","7":"product_cat-vetements","8":"product_cat-vetements-de-travail","9":"product_cat-vetements-de-loisirs","10":"product_cat-vetements-pour-hommes","11":"sws-gruppo-no-gruppo-fr","12":"sws-categoria-sito-fr","13":"sws-conto-ricavi-merci-rivendita-abbigliamento-fr","14":"sws-gruppo-iva-iva81-fr","16":"first","17":"instock","18":"shipping-taxable","19":"purchasable","20":"product-type-variable","21":"has-default-attributes"},"_links":{"self":[{"href":"https:\/\/lucacastelli.com\/fr\/wp-json\/wp\/v2\/product\/617310","targetHints":{"allow":["GET"]}}],"collection":[{"href":"https:\/\/lucacastelli.com\/fr\/wp-json\/wp\/v2\/product"}],"about":[{"href":"https:\/\/lucacastelli.com\/fr\/wp-json\/wp\/v2\/types\/product"}],"wp:featuredmedia":[{"embeddable":true,"href":"https:\/\/lucacastelli.com\/fr\/wp-json\/wp\/v2\/media\/617330"}],"wp:attachment":[{"href":"https:\/\/lucacastelli.com\/fr\/wp-json\/wp\/v2\/media?parent=617310"}],"wp:term":[{"taxonomy":"product_brand","embeddable":true,"href":"https:\/\/lucacastelli.com\/fr\/wp-json\/wp\/v2\/product_brand?post=617310"},{"taxonomy":"product_cat","embeddable":true,"href":"https:\/\/lucacastelli.com\/fr\/wp-json\/wp\/v2\/product_cat?post=617310"},{"taxonomy":"product_tag","embeddable":true,"href":"https:\/\/lucacastelli.com\/fr\/wp-json\/wp\/v2\/product_tag?post=617310"}],"curies":[{"name":"wp","href":"https:\/\/api.w.org\/{rel}","templated":true}]}}