{"id":617241,"date":"2025-08-18T18:52:40","date_gmt":"2025-08-18T16:52:40","guid":{"rendered":"https:\/\/lucacastelli.com\/?post_type=product&#038;p=617241"},"modified":"2026-04-14T11:18:13","modified_gmt":"2026-04-14T09:18:13","slug":"veste-protos-inuit-copia","status":"publish","type":"product","link":"https:\/\/lucacastelli.com\/fr\/produit\/veste-protos-inuit-copia\/","title":{"rendered":"Protos veste thermique"},"content":{"rendered":"<p>La veste thermique Protos\u00ae est la compagne id\u00e9ale pour toutes les activit\u00e9s en plein air. Le rembourrage chaud 100% PrimaLoft\u00ae prot\u00e8ge de mani\u00e8re optimale du froid et du vent et emp\u00eache l&#8217;accumulation d&#8217;humidit\u00e9. Le rembourrage est plus l\u00e9ger que le duvet et offre donc un confort maximal. Gr\u00e2ce \u00e0 la protection \u00e9lastique lat\u00e9rale pour les reins, le gilet est extr\u00eamement confortable \u00e0 porter, m\u00eame pour les femmes.<br \/>\n\u2014 Rembourrage PrimaLoft\u00ae<br \/>\n\u2014 L\u00e9g\u00e8re<br \/>\n\u2014 Syst\u00e8me de poches Zipp2Zipp\u00ae<br \/>\n\u2014 Deux poches lat\u00e9rales<br \/>\n\u2014 Grande poche int\u00e9rieure<br \/>\n\u2014 Softshell sur les \u00e9paules<br \/>\n\u2014 Manches et bords \u00e9lastiques<br \/>\n\u2014 Respirabilit\u00e9 maximale<br \/>\n\u2014 Disponible en veste et gilet<br \/>\n\u2014 Lavable en machine<br \/>\n\u2014 3CON\u00ae r\u00e9fl\u00e9chissant   <\/p>\n<p>&nbsp;<\/p>\n<p>Mati\u00e8re :<br \/>\nMati\u00e8re ext\u00e9rieure \u2013 vert for\u00eat : 100% nylon,<br \/>\nMati\u00e8re ext\u00e9rieure \u2013 noir : 100% polyester<br \/>\nMati\u00e8re int\u00e9rieure : 100% polyester<br \/>\nDoublure : 100% PrimaLoft\u00ae<\/p>\n","protected":false},"excerpt":{"rendered":"<p>La veste thermique Protos\u00ae est la compagne id\u00e9ale pour toutes les activit\u00e9s en plein air. Le rembourrage chaud 100% PrimaLoft\u00ae<\/p>\n","protected":false},"featured_media":617265,"template":"","meta":{"_seopress_robots_primary_cat":"none","_seopress_titles_title":"","_seopress_titles_desc":"","_seopress_robots_index":""},"product_brand":[3669,4722],"product_cat":[81,981,1381,982],"product_tag":[],"class_list":{"0":"post-617241","1":"product","2":"type-product","3":"status-publish","4":"has-post-thumbnail","6":"product_brand-pfanner-fr","7":"product_brand-protos-fr","8":"product_cat-vetements","9":"product_cat-vetements-de-loisirs","10":"product_cat-vetements-de-travail","11":"product_cat-vetements-pour-hommes","12":"sws-gruppo-no-gruppo-fr","13":"sws-conto-ricavi-merci-rivendita-abbigliamento-fr","14":"sws-gruppo-iva-iva81-fr","16":"first","17":"instock","18":"shipping-taxable","19":"purchasable","20":"product-type-variable"},"_links":{"self":[{"href":"https:\/\/lucacastelli.com\/fr\/wp-json\/wp\/v2\/product\/617241","targetHints":{"allow":["GET"]}}],"collection":[{"href":"https:\/\/lucacastelli.com\/fr\/wp-json\/wp\/v2\/product"}],"about":[{"href":"https:\/\/lucacastelli.com\/fr\/wp-json\/wp\/v2\/types\/product"}],"wp:featuredmedia":[{"embeddable":true,"href":"https:\/\/lucacastelli.com\/fr\/wp-json\/wp\/v2\/media\/617265"}],"wp:attachment":[{"href":"https:\/\/lucacastelli.com\/fr\/wp-json\/wp\/v2\/media?parent=617241"}],"wp:term":[{"taxonomy":"product_brand","embeddable":true,"href":"https:\/\/lucacastelli.com\/fr\/wp-json\/wp\/v2\/product_brand?post=617241"},{"taxonomy":"product_cat","embeddable":true,"href":"https:\/\/lucacastelli.com\/fr\/wp-json\/wp\/v2\/product_cat?post=617241"},{"taxonomy":"product_tag","embeddable":true,"href":"https:\/\/lucacastelli.com\/fr\/wp-json\/wp\/v2\/product_tag?post=617241"}],"curies":[{"name":"wp","href":"https:\/\/api.w.org\/{rel}","templated":true}]}}