{"id":616968,"date":"2025-08-18T18:10:23","date_gmt":"2025-08-18T16:10:23","guid":{"rendered":"https:\/\/lucacastelli.com\/?post_type=product&#038;p=616968"},"modified":"2026-04-14T11:18:40","modified_gmt":"2026-04-14T09:18:40","slug":"gilet-pfanner-wooltec-copia-copia","status":"publish","type":"product","link":"https:\/\/lucacastelli.com\/fr\/produit\/gilet-pfanner-wooltec-copia-copia\/","title":{"rendered":"Veste de travail PFANNER Canvas"},"content":{"rendered":"<p>La veste de travail Canvas est fabriqu\u00e9e en tissu Canvas extr\u00eamement robuste pour garantir une haute r\u00e9sistance \u00e0 l\u2019abrasion et une longue dur\u00e9e de vie. Les poches lat\u00e9rales sont ferm\u00e9es par une fermeture \u00e9clair recouverte qui emp\u00eache la p\u00e9n\u00e9tration de salet\u00e9. Des bandes r\u00e9fl\u00e9chissantes assurent une visibilit\u00e9 accrue dans des conditions de faible luminosit\u00e9. La technologie StretchZone\u00ae au dos offre une libert\u00e9 de mouvement in\u00e9gal\u00e9e. La norme DIN EN ISO 20471 r\u00e9git les exigences de visibilit\u00e9 accrue pour les v\u00eatements de protection. Les versions orange, jaune et rouge fluo r\u00e9pondent \u00e0 cette norme (avec manches attach\u00e9es) dans la classe de protection EN 20471 Classe 2 \u00e0 partir de la taille XS.<br \/>\n&#8211; Technologie StretchZone\u00ae<br \/>\n&#8211; Tissu ext\u00e9rieur extr\u00eamement r\u00e9sistant<br \/>\n&#8211; Manches amovibles<br \/>\n&#8211; Protection lombaire extra longue<br \/>\n&#8211; Bandes r\u00e9fl\u00e9chissantes<br \/>\n&#8211; Version orange, jaune, rouge fluo : EN 20471 classe 2 (avec manches)     <\/p>\n<p>&nbsp;<\/p>\n<p>Mat\u00e9riau :<br \/>\nTissu ext\u00e9rieur : 65 % polyamide Cordura, 35 % coton<br \/>\nTissu extensible : 90 % polyamide, 10 % \u00e9lasthanne<br \/>\nNormes :<br \/>\nEN 20471 Classe 2 (uniquement versions orange, jaune et rouge fluo)<\/p>\n","protected":false},"excerpt":{"rendered":"<p>La veste de travail Canvas est fabriqu\u00e9e en tissu Canvas extr\u00eamement robuste pour garantir une haute r\u00e9sistance \u00e0 l\u2019abrasion et<\/p>\n","protected":false},"featured_media":617169,"template":"","meta":{"_seopress_robots_primary_cat":"none","_seopress_titles_title":"","_seopress_titles_desc":"","_seopress_robots_index":""},"product_brand":[3458],"product_cat":[21,284],"product_tag":[],"class_list":{"0":"post-616968","1":"product","2":"type-product","3":"status-publish","4":"has-post-thumbnail","6":"product_brand-pfanner","7":"product_cat-abbigliamento","8":"product_cat-abbigliamento-da-lavoro","9":"sws-gruppo-no-gruppo-fr","10":"sws-conto-ricavi-merci-rivendita-abbigliamento-fr","11":"sws-gruppo-iva-iva81-fr","13":"first","14":"instock","15":"shipping-taxable","16":"purchasable","17":"product-type-variable","18":"has-default-attributes"},"_links":{"self":[{"href":"https:\/\/lucacastelli.com\/fr\/wp-json\/wp\/v2\/product\/616968","targetHints":{"allow":["GET"]}}],"collection":[{"href":"https:\/\/lucacastelli.com\/fr\/wp-json\/wp\/v2\/product"}],"about":[{"href":"https:\/\/lucacastelli.com\/fr\/wp-json\/wp\/v2\/types\/product"}],"wp:featuredmedia":[{"embeddable":true,"href":"https:\/\/lucacastelli.com\/fr\/wp-json\/wp\/v2\/media\/617169"}],"wp:attachment":[{"href":"https:\/\/lucacastelli.com\/fr\/wp-json\/wp\/v2\/media?parent=616968"}],"wp:term":[{"taxonomy":"product_brand","embeddable":true,"href":"https:\/\/lucacastelli.com\/fr\/wp-json\/wp\/v2\/product_brand?post=616968"},{"taxonomy":"product_cat","embeddable":true,"href":"https:\/\/lucacastelli.com\/fr\/wp-json\/wp\/v2\/product_cat?post=616968"},{"taxonomy":"product_tag","embeddable":true,"href":"https:\/\/lucacastelli.com\/fr\/wp-json\/wp\/v2\/product_tag?post=616968"}],"curies":[{"name":"wp","href":"https:\/\/api.w.org\/{rel}","templated":true}]}}