{"id":616917,"date":"2025-08-18T18:08:41","date_gmt":"2025-08-18T16:08:41","guid":{"rendered":"https:\/\/lucacastelli.com\/?post_type=product&#038;p=616917"},"modified":"2026-04-14T11:17:21","modified_gmt":"2026-04-14T09:17:21","slug":"gilet-pfanner-wooltec-copia-copia-4","status":"publish","type":"product","link":"https:\/\/lucacastelli.com\/fr\/produit\/gilet-pfanner-wooltec-copia-copia-4\/","title":{"rendered":"PFANNER Canvas veste de travail"},"content":{"rendered":"<p>La veste de travail Canvas est fabriqu\u00e9e en tissu canvas extr\u00eamement r\u00e9sistant pour garantir une haute r\u00e9sistance \u00e0 l&#8217;abrasion et une longue dur\u00e9e de vie. Les poches lat\u00e9rales sont ferm\u00e9es par une fermeture \u00e9clair couverte qui emp\u00eache l&#8217;entr\u00e9e de salet\u00e9. Bandes r\u00e9fl\u00e9chissantes pour une meilleure visibilit\u00e9 en conditions de faible luminosit\u00e9. La technologie StretchZone\u00ae au dos offre une libert\u00e9 de mouvement in\u00e9gal\u00e9e. La norme DIN EN ISO 20471 r\u00e9git les exigences de visibilit\u00e9 accrue pour les v\u00eatements de protection. Les versions orange, jaune et rouge vif satisfont \u00e0 cette norme (avec manches attach\u00e9es) dans la classe de protection 20471 Classe 2 \u00e0 partir de la taille XS.<br \/>\n-Technologie StretchZone\u00ae<br \/>\n-Tissu ext\u00e9rieur extr\u00eamement r\u00e9sistant<br \/>\n-Manches d\u00e9tachables<br \/>\n-Protection lombaire extra longue<br \/>\n-Bandes r\u00e9fl\u00e9chissantes<br \/>\n-Version orange, jaune, rouge vif : EN 20471 classe 2 (avec manches)     <\/p>\n<p>&nbsp;<\/p>\n<p>Mat\u00e9riau :<br \/>\nMat\u00e9riau ext\u00e9rieur : 65 % polyamide Cordura, 35 % coton<br \/>\nTissu stretch : 90 % polyamide, 10 % \u00e9lasthanne<br \/>\nNormes :<br \/>\nEN 20471 Classe 2 (uniquement version orange, jaune et rouge vif)<\/p>\n","protected":false},"excerpt":{"rendered":"<p>La veste de travail Canvas est fabriqu\u00e9e en tissu canvas extr\u00eamement r\u00e9sistant pour garantir une haute r\u00e9sistance \u00e0 l&#8217;abrasion et<\/p>\n","protected":false},"featured_media":617076,"template":"","meta":{"_seopress_robots_primary_cat":"none","_seopress_titles_title":"","_seopress_titles_desc":"","_seopress_robots_index":""},"product_brand":[3458],"product_cat":[21,284],"product_tag":[],"class_list":{"0":"post-616917","1":"product","2":"type-product","3":"status-publish","4":"has-post-thumbnail","6":"product_brand-pfanner","7":"product_cat-abbigliamento","8":"product_cat-abbigliamento-da-lavoro","9":"sws-gruppo-no-gruppo-fr","10":"sws-conto-ricavi-merci-rivendita-abbigliamento-fr","11":"sws-gruppo-iva-iva81-fr","13":"first","14":"instock","15":"shipping-taxable","16":"purchasable","17":"product-type-variable","18":"has-default-attributes"},"_links":{"self":[{"href":"https:\/\/lucacastelli.com\/fr\/wp-json\/wp\/v2\/product\/616917","targetHints":{"allow":["GET"]}}],"collection":[{"href":"https:\/\/lucacastelli.com\/fr\/wp-json\/wp\/v2\/product"}],"about":[{"href":"https:\/\/lucacastelli.com\/fr\/wp-json\/wp\/v2\/types\/product"}],"wp:featuredmedia":[{"embeddable":true,"href":"https:\/\/lucacastelli.com\/fr\/wp-json\/wp\/v2\/media\/617076"}],"wp:attachment":[{"href":"https:\/\/lucacastelli.com\/fr\/wp-json\/wp\/v2\/media?parent=616917"}],"wp:term":[{"taxonomy":"product_brand","embeddable":true,"href":"https:\/\/lucacastelli.com\/fr\/wp-json\/wp\/v2\/product_brand?post=616917"},{"taxonomy":"product_cat","embeddable":true,"href":"https:\/\/lucacastelli.com\/fr\/wp-json\/wp\/v2\/product_cat?post=616917"},{"taxonomy":"product_tag","embeddable":true,"href":"https:\/\/lucacastelli.com\/fr\/wp-json\/wp\/v2\/product_tag?post=616917"}],"curies":[{"name":"wp","href":"https:\/\/api.w.org\/{rel}","templated":true}]}}