{"id":616860,"date":"2025-08-18T18:08:19","date_gmt":"2025-08-18T16:08:19","guid":{"rendered":"https:\/\/lucacastelli.com\/?post_type=product&#038;p=616860"},"modified":"2026-04-14T11:17:41","modified_gmt":"2026-04-14T09:17:41","slug":"gilet-pfanner-wooltec-copia-copia-2","status":"publish","type":"product","link":"https:\/\/lucacastelli.com\/fr\/produit\/gilet-pfanner-wooltec-copia-copia-2\/","title":{"rendered":"Veste de travail PFANNER Canvas"},"content":{"rendered":"<p>La veste de travail Canvas est fabriqu\u00e9e dans un tissu Canvas extr\u00eamement robuste pour garantir une haute r\u00e9sistance \u00e0 l\u2019abrasion et une longue dur\u00e9e de vie. Les poches lat\u00e9rales sont ferm\u00e9es par une fermeture \u00e9clair recouverte qui emp\u00eache la p\u00e9n\u00e9tration de salet\u00e9s. Bandes r\u00e9fl\u00e9chissantes pour une visibilit\u00e9 accrue dans des conditions de faible luminosit\u00e9. La technologie StretchZone\u00ae au dos offre une libert\u00e9 de mouvement in\u00e9gal\u00e9e. La norme DIN EN ISO 20471 r\u00e9git les exigences de haute visibilit\u00e9 pour les v\u00eatements de protection. Les versions orange, jaune et rouge vif sont conformes \u00e0 cette norme (avec manches attach\u00e9es) en classe de protection 20471 Classe 2 \u00e0 partir de la taille XS.<br \/>\n-Technologie StretchZone\u00ae<br \/>\n-Tissu ext\u00e9rieur extr\u00eamement r\u00e9sistant<br \/>\n-Manches amovibles<br \/>\n-Protection lombaire extra longue<br \/>\n-Bandes r\u00e9fl\u00e9chissantes<br \/>\n-Version orange, jaune, rouge vif : EN 20471 classe 2 (avec manches)     <\/p>\n<p>&nbsp;<\/p>\n<p>Mat\u00e9riau :<br \/>\nMati\u00e8re ext\u00e9rieure : 65 % polyamide Cordura, 35 % coton<br \/>\nTissu extensible : 90 % polyamide, 10 % \u00e9lasthanne<br \/>\nNormes :<br \/>\nEN 20471 Classe 2 (uniquement versions orange, jaune et rouge vif)<\/p>\n","protected":false},"excerpt":{"rendered":"<p>La veste de travail Canvas est fabriqu\u00e9e dans un tissu Canvas extr\u00eamement robuste pour garantir une haute r\u00e9sistance \u00e0 l\u2019abrasion<\/p>\n","protected":false},"featured_media":617000,"template":"","meta":{"_seopress_robots_primary_cat":"none","_seopress_titles_title":"","_seopress_titles_desc":"","_seopress_robots_index":""},"product_brand":[3669],"product_cat":[81,1381],"product_tag":[],"class_list":{"0":"post-616860","1":"product","2":"type-product","3":"status-publish","4":"has-post-thumbnail","6":"product_brand-pfanner-fr","7":"product_cat-vetements","8":"product_cat-vetements-de-travail","9":"sws-gruppo-no-gruppo-fr","10":"sws-conto-ricavi-merci-rivendita-abbigliamento-fr","11":"sws-gruppo-iva-iva81-fr","13":"first","14":"instock","15":"shipping-taxable","16":"purchasable","17":"product-type-variable","18":"has-default-attributes"},"_links":{"self":[{"href":"https:\/\/lucacastelli.com\/fr\/wp-json\/wp\/v2\/product\/616860","targetHints":{"allow":["GET"]}}],"collection":[{"href":"https:\/\/lucacastelli.com\/fr\/wp-json\/wp\/v2\/product"}],"about":[{"href":"https:\/\/lucacastelli.com\/fr\/wp-json\/wp\/v2\/types\/product"}],"wp:featuredmedia":[{"embeddable":true,"href":"https:\/\/lucacastelli.com\/fr\/wp-json\/wp\/v2\/media\/617000"}],"wp:attachment":[{"href":"https:\/\/lucacastelli.com\/fr\/wp-json\/wp\/v2\/media?parent=616860"}],"wp:term":[{"taxonomy":"product_brand","embeddable":true,"href":"https:\/\/lucacastelli.com\/fr\/wp-json\/wp\/v2\/product_brand?post=616860"},{"taxonomy":"product_cat","embeddable":true,"href":"https:\/\/lucacastelli.com\/fr\/wp-json\/wp\/v2\/product_cat?post=616860"},{"taxonomy":"product_tag","embeddable":true,"href":"https:\/\/lucacastelli.com\/fr\/wp-json\/wp\/v2\/product_tag?post=616860"}],"curies":[{"name":"wp","href":"https:\/\/api.w.org\/{rel}","templated":true}]}}